{"id":80,"date":"2026-02-25T18:43:50","date_gmt":"2026-02-25T17:43:50","guid":{"rendered":"https:\/\/rancher.hr\/?post_type=product&#038;p=80"},"modified":"2026-03-10T20:01:20","modified_gmt":"2026-03-10T19:01:20","slug":"puska-za-uspavljivanje-rd706","status":"publish","type":"product","link":"https:\/\/rancher.hr\/en\/product\/puska-za-uspavljivanje-rd706\/","title":{"rendered":"RD706 tranquilliser rifle"},"content":{"rendered":"<p><b>Sadr\u017eaj paketa RD706<\/b><\/p>\n<p><span style=\"font-weight: 400;\">1 x pu\u0161ka RD706 s cijevi promjera 11 mm ili 13 mm<\/span><span style=\"font-weight: 400;\"><br \/>\n<\/span><span style=\"font-weight: 400;\">1 x set za \u010di\u0161\u0107enje cijevi<\/span><span style=\"font-weight: 400;\"><br \/>\n<\/span><span style=\"font-weight: 400;\">1 x torba za pu\u0161ku<\/span><span style=\"font-weight: 400;\"><br \/>\n<\/span><span style=\"font-weight: 400;\">3 x CO2-kapsule od 16 g<\/span><span style=\"font-weight: 400;\"><br \/>\n<\/span><span style=\"font-weight: 400;\">1 x alat za pode\u0161avanje rame<\/span><span style=\"font-weight: 400;\"><br \/>\n<\/span><span style=\"font-weight: 400;\">1 x tuba masti<\/span><\/p>\n<p><a href=\"https:\/\/rancher.hr\/wp-content\/uploads\/2026\/02\/Puska-za-uspavljivanje-RD706.pdf\"><strong>Upute za kori\u0161tenje &#8211; HRV<\/strong><\/a><\/p>\n<p><a href=\"https:\/\/teledart.com\/teledart_2019\/wp-content\/uploads\/2021\/02\/Instruction-manual-and-guarantee-RD706-1.pdf\"><strong>User Manual &#8211; ENG<\/strong><\/a><\/p>","protected":false},"excerpt":{"rendered":"<p><span style=\"font-weight: 400;\">Pu\u0161ka za uspavljivanje RD706 vrhunski je alat za sigurnu i preciznu sedaciju \u017eivotinja na udaljenosti. Dizajnirana za profesionalnu upotrebu, RD706 kombinira tiho djelovanje, iznimnu preciznost i potpunu kontrolu ja\u010dine udarca, \u010dime se smanjuje stres i rizik za \u017eivotinju na minimum.<\/span><\/p>\n<p><span style=\"font-weight: 400;\">Zahvaljuju\u0107i naprednom sustavu regulacije tlaka, pu\u0161ka jednako u\u010dinkovito djeluje na velikim udaljenostima, ali omogu\u0107uje i izuzetno blag udar na kratkoj distanci, \u0161to je klju\u010dno pri radu sa osjetljivim ili manjim \u017eivotinjama.<\/span><\/p>\n<p><span style=\"font-weight: 400;\">Podesiva potpora za rame i obraz omogu\u0107uje savr\u0161eno prilago\u0111avanje svakom korisniku. Stabilnost, kontrola i udobnost ostaju na visokoj razini \u010dak i pri dugotrajnom radu na terenu.\u00a0<\/span><span style=\"font-weight: 400;\"><br \/>\n<\/span><span style=\"font-weight: 400;\"><br \/>\n<\/span><span style=\"font-weight: 400;\"><br \/>\n<\/span><\/p>","protected":false},"featured_media":585,"comment_status":"open","ping_status":"closed","template":"","meta":{"site-sidebar-layout":"default","site-content-layout":"","ast-site-content-layout":"default","site-content-style":"default","site-sidebar-style":"default","ast-global-header-display":"","ast-banner-title-visibility":"","ast-main-header-display":"","ast-hfb-above-header-display":"","ast-hfb-below-header-display":"","ast-hfb-mobile-header-display":"","site-post-title":"","ast-breadcrumbs-content":"","ast-featured-img":"","footer-sml-layout":"","ast-disable-related-posts":"","theme-transparent-header-meta":"default","adv-header-id-meta":"","stick-header-meta":"","header-above-stick-meta":"","header-main-stick-meta":"","header-below-stick-meta":"","astra-migrate-meta-layouts":"set","ast-page-background-enabled":"default","ast-page-background-meta":{"desktop":{"background-color":"var(--ast-global-color-5)","background-image":"","background-repeat":"repeat","background-position":"center center","background-size":"auto","background-attachment":"scroll","background-type":"","background-media":"","overlay-type":"","overlay-color":"","overlay-opacity":"","overlay-gradient":""},"tablet":{"background-color":"","background-image":"","background-repeat":"repeat","background-position":"center center","background-size":"auto","background-attachment":"scroll","background-type":"","background-media":"","overlay-type":"","overlay-color":"","overlay-opacity":"","overlay-gradient":""},"mobile":{"background-color":"","background-image":"","background-repeat":"repeat","background-position":"center center","background-size":"auto","background-attachment":"scroll","background-type":"","background-media":"","overlay-type":"","overlay-color":"","overlay-opacity":"","overlay-gradient":""}},"ast-content-background-meta":{"desktop":{"background-color":"var(--ast-global-color-4)","background-image":"","background-repeat":"repeat","background-position":"center center","background-size":"auto","background-attachment":"scroll","background-type":"","background-media":"","overlay-type":"","overlay-color":"","overlay-opacity":"","overlay-gradient":""},"tablet":{"background-color":"var(--ast-global-color-4)","background-image":"","background-repeat":"repeat","background-position":"center center","background-size":"auto","background-attachment":"scroll","background-type":"","background-media":"","overlay-type":"","overlay-color":"","overlay-opacity":"","overlay-gradient":""},"mobile":{"background-color":"var(--ast-global-color-4)","background-image":"","background-repeat":"repeat","background-position":"center center","background-size":"auto","background-attachment":"scroll","background-type":"","background-media":"","overlay-type":"","overlay-color":"","overlay-opacity":"","overlay-gradient":""}}},"product_brand":[],"product_cat":[20,24],"product_tag":[],"class_list":{"0":"post-80","1":"product","2":"type-product","3":"status-publish","4":"has-post-thumbnail","6":"product_cat-oprema-za-sedaciju","7":"product_cat-puske-za-uspavljivanje","8":"desktop-align-left","9":"tablet-align-left","10":"mobile-align-left","12":"first","13":"instock","14":"shipping-taxable","15":"purchasable","16":"product-type-simple"},"_links":{"self":[{"href":"https:\/\/rancher.hr\/en\/wp-json\/wp\/v2\/product\/80","targetHints":{"allow":["GET"]}}],"collection":[{"href":"https:\/\/rancher.hr\/en\/wp-json\/wp\/v2\/product"}],"about":[{"href":"https:\/\/rancher.hr\/en\/wp-json\/wp\/v2\/types\/product"}],"replies":[{"embeddable":true,"href":"https:\/\/rancher.hr\/en\/wp-json\/wp\/v2\/comments?post=80"}],"wp:featuredmedia":[{"embeddable":true,"href":"https:\/\/rancher.hr\/en\/wp-json\/wp\/v2\/media\/585"}],"wp:attachment":[{"href":"https:\/\/rancher.hr\/en\/wp-json\/wp\/v2\/media?parent=80"}],"wp:term":[{"taxonomy":"product_brand","embeddable":true,"href":"https:\/\/rancher.hr\/en\/wp-json\/wp\/v2\/product_brand?post=80"},{"taxonomy":"product_cat","embeddable":true,"href":"https:\/\/rancher.hr\/en\/wp-json\/wp\/v2\/product_cat?post=80"},{"taxonomy":"product_tag","embeddable":true,"href":"https:\/\/rancher.hr\/en\/wp-json\/wp\/v2\/product_tag?post=80"}],"curies":[{"name":"wp","href":"https:\/\/api.w.org\/{rel}","templated":true}]}}