{"id":705,"date":"2026-03-11T20:36:22","date_gmt":"2026-03-11T19:36:22","guid":{"rendered":"https:\/\/rancher.hr\/?post_type=product&#038;p=705"},"modified":"2026-03-11T20:37:35","modified_gmt":"2026-03-11T19:37:35","slug":"puhaljka-za-uspavljivanje-b17","status":"publish","type":"product","link":"https:\/\/rancher.hr\/en\/product\/puhaljka-za-uspavljivanje-b17\/","title":{"rendered":"Puhaljka za uspavljivanje B17"},"content":{"rendered":"<p>Sadr\u017eaj paketa KIT B17L<br \/>\n1 puhalica B17 duljine: 1 m<br \/>\n1 vre\u0107ica za puhalo<br \/>\n1 set za \u010di\u0161\u0107enje<br \/>\n1 \u0161trcaljka za puhanje BD1 \/ 1 cc<br \/>\n1 \u0161trcaljka za puhanje BD2 \/ 2 cc<br \/>\n1 brizgalica za puhanje BD3 \/3 cc<br \/>\n1 brizgalica za puhanje BD5 \/5 cc<br \/>\n1 \u0161trcaljka za pu\u0161ku BD10 \/10 cc<br \/>\n5 trening strelica<br \/>\n1 set igala ( 1 x TDN1520LL, 1 x<br \/>\nTDN1530LL, 2 x TDN1538LL, 1 x<br \/>\nTDN2040LL )<br \/>\n1 set za punjenje i njegu FIS<br \/>\n1 produ\u017eetak 1 metar (PO<br \/>\nNARUDZBI)<\/p>","protected":false},"excerpt":{"rendered":"<p>Puhaljka za uspavljivanje B17 usporediva je s modelom B16, ali donosi dodatnu<br \/>\nprednost mogu\u0107nosti kori\u0161tenja novo razvijene \u0161price od 10 cc, \u0161to zna\u010dajno<br \/>\npro\u0161iruje podru\u010dje primjene i u\u010dinkovitost pri radu sa zahtjevnijim situacijama.<br \/>\nKompatibilna je sa \u0161pricama 1 cc, 2 cc, 3 cc i 5 cc, a sada i sa \u0161pricom od 10 cc,<br \/>\nkoje se mogu koristiti u kombinaciji sa stabilizatorom BST11 za bolju kontrolu i<br \/>\nprecizniju putanju.<\/p>","protected":false},"featured_media":156,"comment_status":"open","ping_status":"closed","template":"","meta":{"site-sidebar-layout":"default","site-content-layout":"","ast-site-content-layout":"default","site-content-style":"default","site-sidebar-style":"default","ast-global-header-display":"","ast-banner-title-visibility":"","ast-main-header-display":"","ast-hfb-above-header-display":"","ast-hfb-below-header-display":"","ast-hfb-mobile-header-display":"","site-post-title":"","ast-breadcrumbs-content":"","ast-featured-img":"","footer-sml-layout":"","ast-disable-related-posts":"","theme-transparent-header-meta":"default","adv-header-id-meta":"","stick-header-meta":"","header-above-stick-meta":"","header-main-stick-meta":"","header-below-stick-meta":"","astra-migrate-meta-layouts":"set","ast-page-background-enabled":"default","ast-page-background-meta":{"desktop":{"background-color":"var(--ast-global-color-5)","background-image":"","background-repeat":"repeat","background-position":"center center","background-size":"auto","background-attachment":"scroll","background-type":"","background-media":"","overlay-type":"","overlay-color":"","overlay-opacity":"","overlay-gradient":""},"tablet":{"background-color":"","background-image":"","background-repeat":"repeat","background-position":"center center","background-size":"auto","background-attachment":"scroll","background-type":"","background-media":"","overlay-type":"","overlay-color":"","overlay-opacity":"","overlay-gradient":""},"mobile":{"background-color":"","background-image":"","background-repeat":"repeat","background-position":"center center","background-size":"auto","background-attachment":"scroll","background-type":"","background-media":"","overlay-type":"","overlay-color":"","overlay-opacity":"","overlay-gradient":""}},"ast-content-background-meta":{"desktop":{"background-color":"var(--ast-global-color-4)","background-image":"","background-repeat":"repeat","background-position":"center center","background-size":"auto","background-attachment":"scroll","background-type":"","background-media":"","overlay-type":"","overlay-color":"","overlay-opacity":"","overlay-gradient":""},"tablet":{"background-color":"var(--ast-global-color-4)","background-image":"","background-repeat":"repeat","background-position":"center center","background-size":"auto","background-attachment":"scroll","background-type":"","background-media":"","overlay-type":"","overlay-color":"","overlay-opacity":"","overlay-gradient":""},"mobile":{"background-color":"var(--ast-global-color-4)","background-image":"","background-repeat":"repeat","background-position":"center center","background-size":"auto","background-attachment":"scroll","background-type":"","background-media":"","overlay-type":"","overlay-color":"","overlay-opacity":"","overlay-gradient":""}}},"product_brand":[],"product_cat":[20,25],"product_tag":[],"class_list":{"0":"post-705","1":"product","2":"type-product","3":"status-publish","4":"has-post-thumbnail","6":"product_cat-oprema-za-sedaciju","7":"product_cat-puhaljke-za-uspavljivanje","8":"desktop-align-left","9":"tablet-align-left","10":"mobile-align-left","12":"first","13":"instock","14":"shipping-taxable","15":"purchasable","16":"product-type-variable"},"_links":{"self":[{"href":"https:\/\/rancher.hr\/en\/wp-json\/wp\/v2\/product\/705","targetHints":{"allow":["GET"]}}],"collection":[{"href":"https:\/\/rancher.hr\/en\/wp-json\/wp\/v2\/product"}],"about":[{"href":"https:\/\/rancher.hr\/en\/wp-json\/wp\/v2\/types\/product"}],"replies":[{"embeddable":true,"href":"https:\/\/rancher.hr\/en\/wp-json\/wp\/v2\/comments?post=705"}],"wp:featuredmedia":[{"embeddable":true,"href":"https:\/\/rancher.hr\/en\/wp-json\/wp\/v2\/media\/156"}],"wp:attachment":[{"href":"https:\/\/rancher.hr\/en\/wp-json\/wp\/v2\/media?parent=705"}],"wp:term":[{"taxonomy":"product_brand","embeddable":true,"href":"https:\/\/rancher.hr\/en\/wp-json\/wp\/v2\/product_brand?post=705"},{"taxonomy":"product_cat","embeddable":true,"href":"https:\/\/rancher.hr\/en\/wp-json\/wp\/v2\/product_cat?post=705"},{"taxonomy":"product_tag","embeddable":true,"href":"https:\/\/rancher.hr\/en\/wp-json\/wp\/v2\/product_tag?post=705"}],"curies":[{"name":"wp","href":"https:\/\/api.w.org\/{rel}","templated":true}]}}