{"id":700,"date":"2026-03-11T20:29:53","date_gmt":"2026-03-11T19:29:53","guid":{"rendered":"https:\/\/rancher.hr\/?post_type=product&#038;p=700"},"modified":"2026-03-11T20:30:50","modified_gmt":"2026-03-11T19:30:50","slug":"puhaljka-za-uspavljivanje-b16","status":"publish","type":"product","link":"https:\/\/rancher.hr\/en\/product\/puhaljka-za-uspavljivanje-b16\/","title":{"rendered":"Puhaljka za uspavljivanje B16"},"content":{"rendered":"<p>Sadr\u017eaj paketa KIT B16L<br \/>\n1 puhaljka B16<br \/>\n1 vre\u0107ica za puhalo<br \/>\n1 set za \u010di\u0161\u0107enje<br \/>\n3 BD3 \u0161price za puhanje \/ 3 cc<br \/>\n2 \u0161price za puhanje BD5 \/ 5 cc<br \/>\n3 sigurnosna \u010depa SC3<br \/>\n2 sigurnosna \u010depa SC5<br \/>\n3 trening strelice B3-16<\/p>\n<p>2 trening strelice B5-16<br \/>\n1 set igala (3 x TDN1530LL i 2 x TDN1538LL)<br \/>\n1 set za punjenje i odr\u017eavanje FIS<br \/>\n1 tuba masti<br \/>\n1 produ\u017eetak za pi\u0161tolj za puhanje BP16 (PO NARUDZBI)<\/p>","protected":false},"excerpt":{"rendered":"<p>Puhaljka za uspavljivanje B16 duljine je 100 cm i predstavlja na\u0161 premium model<br \/>\ns iznimno pouzdanim i preciznim rezultatima u praksi. Dizajnirana je za<br \/>\nprofesionalnu veterinarsku upotrebu te omogu\u0107uje stabilno, kontrolirano i<br \/>\nprecizno ispaljivanje strelica u razli\u010ditim radnim uvjetima.<br \/>\nKompatibilna je sa \u0161pricama za strelice 1 cc, 2 cc, 3 cc i 5 cc, koje se koriste u<br \/>\nkombinaciji s posebno dizajniranim stabilizatorom BST16. Stabilizator je izra\u0111en<br \/>\nod kvalitetne plastike, savr\u0161eno vodi \u0161pricu kroz cijev i osigurava izvrsnu balistiku<br \/>\ni ravnu putanju.<\/p>","protected":false},"featured_media":158,"comment_status":"open","ping_status":"closed","template":"","meta":{"site-sidebar-layout":"default","site-content-layout":"","ast-site-content-layout":"default","site-content-style":"default","site-sidebar-style":"default","ast-global-header-display":"","ast-banner-title-visibility":"","ast-main-header-display":"","ast-hfb-above-header-display":"","ast-hfb-below-header-display":"","ast-hfb-mobile-header-display":"","site-post-title":"","ast-breadcrumbs-content":"","ast-featured-img":"","footer-sml-layout":"","ast-disable-related-posts":"","theme-transparent-header-meta":"default","adv-header-id-meta":"","stick-header-meta":"","header-above-stick-meta":"","header-main-stick-meta":"","header-below-stick-meta":"","astra-migrate-meta-layouts":"set","ast-page-background-enabled":"default","ast-page-background-meta":{"desktop":{"background-color":"var(--ast-global-color-5)","background-image":"","background-repeat":"repeat","background-position":"center center","background-size":"auto","background-attachment":"scroll","background-type":"","background-media":"","overlay-type":"","overlay-color":"","overlay-opacity":"","overlay-gradient":""},"tablet":{"background-color":"","background-image":"","background-repeat":"repeat","background-position":"center center","background-size":"auto","background-attachment":"scroll","background-type":"","background-media":"","overlay-type":"","overlay-color":"","overlay-opacity":"","overlay-gradient":""},"mobile":{"background-color":"","background-image":"","background-repeat":"repeat","background-position":"center center","background-size":"auto","background-attachment":"scroll","background-type":"","background-media":"","overlay-type":"","overlay-color":"","overlay-opacity":"","overlay-gradient":""}},"ast-content-background-meta":{"desktop":{"background-color":"var(--ast-global-color-4)","background-image":"","background-repeat":"repeat","background-position":"center center","background-size":"auto","background-attachment":"scroll","background-type":"","background-media":"","overlay-type":"","overlay-color":"","overlay-opacity":"","overlay-gradient":""},"tablet":{"background-color":"var(--ast-global-color-4)","background-image":"","background-repeat":"repeat","background-position":"center center","background-size":"auto","background-attachment":"scroll","background-type":"","background-media":"","overlay-type":"","overlay-color":"","overlay-opacity":"","overlay-gradient":""},"mobile":{"background-color":"var(--ast-global-color-4)","background-image":"","background-repeat":"repeat","background-position":"center center","background-size":"auto","background-attachment":"scroll","background-type":"","background-media":"","overlay-type":"","overlay-color":"","overlay-opacity":"","overlay-gradient":""}}},"product_brand":[],"product_cat":[20,25],"product_tag":[],"class_list":{"0":"post-700","1":"product","2":"type-product","3":"status-publish","4":"has-post-thumbnail","6":"product_cat-oprema-za-sedaciju","7":"product_cat-puhaljke-za-uspavljivanje","8":"desktop-align-left","9":"tablet-align-left","10":"mobile-align-left","12":"first","13":"instock","14":"shipping-taxable","15":"purchasable","16":"product-type-variable"},"_links":{"self":[{"href":"https:\/\/rancher.hr\/en\/wp-json\/wp\/v2\/product\/700","targetHints":{"allow":["GET"]}}],"collection":[{"href":"https:\/\/rancher.hr\/en\/wp-json\/wp\/v2\/product"}],"about":[{"href":"https:\/\/rancher.hr\/en\/wp-json\/wp\/v2\/types\/product"}],"replies":[{"embeddable":true,"href":"https:\/\/rancher.hr\/en\/wp-json\/wp\/v2\/comments?post=700"}],"wp:featuredmedia":[{"embeddable":true,"href":"https:\/\/rancher.hr\/en\/wp-json\/wp\/v2\/media\/158"}],"wp:attachment":[{"href":"https:\/\/rancher.hr\/en\/wp-json\/wp\/v2\/media?parent=700"}],"wp:term":[{"taxonomy":"product_brand","embeddable":true,"href":"https:\/\/rancher.hr\/en\/wp-json\/wp\/v2\/product_brand?post=700"},{"taxonomy":"product_cat","embeddable":true,"href":"https:\/\/rancher.hr\/en\/wp-json\/wp\/v2\/product_cat?post=700"},{"taxonomy":"product_tag","embeddable":true,"href":"https:\/\/rancher.hr\/en\/wp-json\/wp\/v2\/product_tag?post=700"}],"curies":[{"name":"wp","href":"https:\/\/api.w.org\/{rel}","templated":true}]}}