{"id":396,"date":"2026-03-10T01:10:55","date_gmt":"2026-03-10T00:10:55","guid":{"rendered":"https:\/\/rancher.hr\/?post_type=product&#038;p=396"},"modified":"2026-03-10T22:32:08","modified_gmt":"2026-03-10T21:32:08","slug":"hvataljka-za-zmije-i-gmazove-grep1-grep2","status":"publish","type":"product","link":"https:\/\/rancher.hr\/en\/product\/hvataljka-za-zmije-i-gmazove-grep1-grep2\/","title":{"rendered":"Hvataljka za zmije i gmazove GREP1 \/ GREP2"},"content":{"rendered":"<p>Tehni\u010dke specifikacije:<br \/>\n\u2022 Materijal: \u010deli\u010dni lim, plastificiran (pra\u0161kasto lakiran)<br \/>\n\u2022 Zakretna glava pod kutom<br \/>\n\u2022 Stezaljka sa za\u0161titnom gumom<br \/>\n\u2022 Ergonomski oblikovana ru\u010dka<br \/>\n\u2022 Duljina GREP1: 100 cm<br \/>\n\u2022 Duljina GREP2: 150 cm<\/p>","protected":false},"excerpt":{"rendered":"<p>Modeli GREP1 i GREP2 namijenjeni su sigurnom i kontroliranom rukovanju zmijama i drugim gmazovima. Opremljeni su zakretnom glavom pod kutom, \u0161to omogu\u0107uje precizno pozicioniranje i lak\u0161e upravljanje tijekom intervencije.<\/p>\n<p>Stezaljka je oblo\u017eena za\u0161titnom gumom kako bi se smanjio rizik od ozljede \u017eivotinje. U otvorenom polo\u017eaju maksimalni razmak hvataljke iznosi 50 \u2013 55 mm, dok u zatvorenom polo\u017eaju krajevi stezaljke tvore otvor (\u0161upljinu) od 12 \u2013 14 mm.<\/p>\n<p>Konstrukcija je izra\u0111ena od \u010deli\u010dnog lima s pra\u0161kastim premazom, \u0161to osigurava \u010dvrsto\u0107u i otpornost na habanje. Ergonomski oblikovana ru\u010dka omogu\u0107uje siguran i stabilan hvat.<\/p>","protected":false},"featured_media":507,"comment_status":"open","ping_status":"closed","template":"","meta":{"site-sidebar-layout":"default","site-content-layout":"","ast-site-content-layout":"default","site-content-style":"default","site-sidebar-style":"default","ast-global-header-display":"","ast-banner-title-visibility":"","ast-main-header-display":"","ast-hfb-above-header-display":"","ast-hfb-below-header-display":"","ast-hfb-mobile-header-display":"","site-post-title":"","ast-breadcrumbs-content":"","ast-featured-img":"","footer-sml-layout":"","ast-disable-related-posts":"","theme-transparent-header-meta":"default","adv-header-id-meta":"","stick-header-meta":"","header-above-stick-meta":"","header-main-stick-meta":"","header-below-stick-meta":"","astra-migrate-meta-layouts":"set","ast-page-background-enabled":"default","ast-page-background-meta":{"desktop":{"background-color":"var(--ast-global-color-5)","background-image":"","background-repeat":"repeat","background-position":"center center","background-size":"auto","background-attachment":"scroll","background-type":"","background-media":"","overlay-type":"","overlay-color":"","overlay-opacity":"","overlay-gradient":""},"tablet":{"background-color":"","background-image":"","background-repeat":"repeat","background-position":"center center","background-size":"auto","background-attachment":"scroll","background-type":"","background-media":"","overlay-type":"","overlay-color":"","overlay-opacity":"","overlay-gradient":""},"mobile":{"background-color":"","background-image":"","background-repeat":"repeat","background-position":"center center","background-size":"auto","background-attachment":"scroll","background-type":"","background-media":"","overlay-type":"","overlay-color":"","overlay-opacity":"","overlay-gradient":""}},"ast-content-background-meta":{"desktop":{"background-color":"var(--ast-global-color-4)","background-image":"","background-repeat":"repeat","background-position":"center center","background-size":"auto","background-attachment":"scroll","background-type":"","background-media":"","overlay-type":"","overlay-color":"","overlay-opacity":"","overlay-gradient":""},"tablet":{"background-color":"var(--ast-global-color-4)","background-image":"","background-repeat":"repeat","background-position":"center center","background-size":"auto","background-attachment":"scroll","background-type":"","background-media":"","overlay-type":"","overlay-color":"","overlay-opacity":"","overlay-gradient":""},"mobile":{"background-color":"var(--ast-global-color-4)","background-image":"","background-repeat":"repeat","background-position":"center center","background-size":"auto","background-attachment":"scroll","background-type":"","background-media":"","overlay-type":"","overlay-color":"","overlay-opacity":"","overlay-gradient":""}}},"product_brand":[],"product_cat":[35,30],"product_tag":[],"class_list":{"0":"post-396","1":"product","2":"type-product","3":"status-publish","4":"has-post-thumbnail","6":"product_cat-oprema-za-zmije-i-reptile","7":"product_cat-rukovanje-i-kontrola-zivotinja","8":"desktop-align-left","9":"tablet-align-left","10":"mobile-align-left","12":"first","13":"instock","14":"shipping-taxable","15":"purchasable","16":"product-type-variable"},"_links":{"self":[{"href":"https:\/\/rancher.hr\/en\/wp-json\/wp\/v2\/product\/396","targetHints":{"allow":["GET"]}}],"collection":[{"href":"https:\/\/rancher.hr\/en\/wp-json\/wp\/v2\/product"}],"about":[{"href":"https:\/\/rancher.hr\/en\/wp-json\/wp\/v2\/types\/product"}],"replies":[{"embeddable":true,"href":"https:\/\/rancher.hr\/en\/wp-json\/wp\/v2\/comments?post=396"}],"wp:featuredmedia":[{"embeddable":true,"href":"https:\/\/rancher.hr\/en\/wp-json\/wp\/v2\/media\/507"}],"wp:attachment":[{"href":"https:\/\/rancher.hr\/en\/wp-json\/wp\/v2\/media?parent=396"}],"wp:term":[{"taxonomy":"product_brand","embeddable":true,"href":"https:\/\/rancher.hr\/en\/wp-json\/wp\/v2\/product_brand?post=396"},{"taxonomy":"product_cat","embeddable":true,"href":"https:\/\/rancher.hr\/en\/wp-json\/wp\/v2\/product_cat?post=396"},{"taxonomy":"product_tag","embeddable":true,"href":"https:\/\/rancher.hr\/en\/wp-json\/wp\/v2\/product_tag?post=396"}],"curies":[{"name":"wp","href":"https:\/\/api.w.org\/{rel}","templated":true}]}}