{"id":394,"date":"2026-03-10T01:07:01","date_gmt":"2026-03-10T00:07:01","guid":{"rendered":"https:\/\/rancher.hr\/?post_type=product&#038;p=394"},"modified":"2026-03-10T22:33:24","modified_gmt":"2026-03-10T21:33:24","slug":"kuka-za-zmije-sh100g","status":"publish","type":"product","link":"https:\/\/rancher.hr\/en\/product\/kuka-za-zmije-sh100g\/","title":{"rendered":"Kuka za zmije SH100G"},"content":{"rendered":"<p>Tehni\u010dke specifikacije:<br \/>\n\u2022 Materijal: cijevni \u010delik, kromiran<br \/>\n\u2022 Duljina: 100 cm<br \/>\n\u2022 Te\u017eina: 0,2 kg<br \/>\n\u2022 Protuklizna gumena dr\u0161ka<\/p>\n<p>&nbsp;<\/p>","protected":false},"excerpt":{"rendered":"<p>Model SH100G lagana je kuka namijenjena sigurnom rukovanju zmijama u kontroliranim uvjetima. Zahvaljuju\u0107i maloj te\u017eini i jednostavnoj konstrukciji, pogodna je za terenski rad i situacije koje zahtijevaju precizno upravljanje.<\/p>\n<p>Dr\u0161ka je oblo\u017eena protukliznom gumom, \u0161to omogu\u0107uje stabilan i siguran hvat tijekom uporabe.<\/p>","protected":false},"featured_media":560,"comment_status":"open","ping_status":"closed","template":"","meta":{"site-sidebar-layout":"default","site-content-layout":"","ast-site-content-layout":"default","site-content-style":"default","site-sidebar-style":"default","ast-global-header-display":"","ast-banner-title-visibility":"","ast-main-header-display":"","ast-hfb-above-header-display":"","ast-hfb-below-header-display":"","ast-hfb-mobile-header-display":"","site-post-title":"","ast-breadcrumbs-content":"","ast-featured-img":"","footer-sml-layout":"","ast-disable-related-posts":"","theme-transparent-header-meta":"default","adv-header-id-meta":"","stick-header-meta":"","header-above-stick-meta":"","header-main-stick-meta":"","header-below-stick-meta":"","astra-migrate-meta-layouts":"set","ast-page-background-enabled":"default","ast-page-background-meta":{"desktop":{"background-color":"var(--ast-global-color-5)","background-image":"","background-repeat":"repeat","background-position":"center center","background-size":"auto","background-attachment":"scroll","background-type":"","background-media":"","overlay-type":"","overlay-color":"","overlay-opacity":"","overlay-gradient":""},"tablet":{"background-color":"","background-image":"","background-repeat":"repeat","background-position":"center center","background-size":"auto","background-attachment":"scroll","background-type":"","background-media":"","overlay-type":"","overlay-color":"","overlay-opacity":"","overlay-gradient":""},"mobile":{"background-color":"","background-image":"","background-repeat":"repeat","background-position":"center center","background-size":"auto","background-attachment":"scroll","background-type":"","background-media":"","overlay-type":"","overlay-color":"","overlay-opacity":"","overlay-gradient":""}},"ast-content-background-meta":{"desktop":{"background-color":"var(--ast-global-color-4)","background-image":"","background-repeat":"repeat","background-position":"center center","background-size":"auto","background-attachment":"scroll","background-type":"","background-media":"","overlay-type":"","overlay-color":"","overlay-opacity":"","overlay-gradient":""},"tablet":{"background-color":"var(--ast-global-color-4)","background-image":"","background-repeat":"repeat","background-position":"center center","background-size":"auto","background-attachment":"scroll","background-type":"","background-media":"","overlay-type":"","overlay-color":"","overlay-opacity":"","overlay-gradient":""},"mobile":{"background-color":"var(--ast-global-color-4)","background-image":"","background-repeat":"repeat","background-position":"center center","background-size":"auto","background-attachment":"scroll","background-type":"","background-media":"","overlay-type":"","overlay-color":"","overlay-opacity":"","overlay-gradient":""}}},"product_brand":[],"product_cat":[35,30],"product_tag":[],"class_list":{"0":"post-394","1":"product","2":"type-product","3":"status-publish","4":"has-post-thumbnail","6":"product_cat-oprema-za-zmije-i-reptile","7":"product_cat-rukovanje-i-kontrola-zivotinja","8":"desktop-align-left","9":"tablet-align-left","10":"mobile-align-left","12":"first","13":"instock","14":"shipping-taxable","15":"purchasable","16":"product-type-simple"},"_links":{"self":[{"href":"https:\/\/rancher.hr\/en\/wp-json\/wp\/v2\/product\/394","targetHints":{"allow":["GET"]}}],"collection":[{"href":"https:\/\/rancher.hr\/en\/wp-json\/wp\/v2\/product"}],"about":[{"href":"https:\/\/rancher.hr\/en\/wp-json\/wp\/v2\/types\/product"}],"replies":[{"embeddable":true,"href":"https:\/\/rancher.hr\/en\/wp-json\/wp\/v2\/comments?post=394"}],"wp:featuredmedia":[{"embeddable":true,"href":"https:\/\/rancher.hr\/en\/wp-json\/wp\/v2\/media\/560"}],"wp:attachment":[{"href":"https:\/\/rancher.hr\/en\/wp-json\/wp\/v2\/media?parent=394"}],"wp:term":[{"taxonomy":"product_brand","embeddable":true,"href":"https:\/\/rancher.hr\/en\/wp-json\/wp\/v2\/product_brand?post=394"},{"taxonomy":"product_cat","embeddable":true,"href":"https:\/\/rancher.hr\/en\/wp-json\/wp\/v2\/product_cat?post=394"},{"taxonomy":"product_tag","embeddable":true,"href":"https:\/\/rancher.hr\/en\/wp-json\/wp\/v2\/product_tag?post=394"}],"curies":[{"name":"wp","href":"https:\/\/api.w.org\/{rel}","templated":true}]}}