{"id":391,"date":"2026-03-10T01:03:47","date_gmt":"2026-03-10T00:03:47","guid":{"rendered":"https:\/\/rancher.hr\/?post_type=product&#038;p=391"},"modified":"2026-03-10T22:35:21","modified_gmt":"2026-03-10T21:35:21","slug":"transportna-kanta-re","status":"publish","type":"product","link":"https:\/\/rancher.hr\/en\/product\/transportna-kanta-re\/","title":{"rendered":"Transportna kanta RE"},"content":{"rendered":"<p>Tehni\u010dke specifikacije:<br \/>\n\u2022 Volumen: 12 litara<br \/>\n\u2022 Vanjski promjer: 32 cm<br \/>\n\u2022 Vanjska visina: 22 cm<\/p>","protected":false},"excerpt":{"rendered":"<p>Model RE namijenjen je sigurnom transportu zmija, gmazova i drugih manjih \u017eivotinja. Konstrukcija omogu\u0107uje stabilno i kontrolirano premje\u0161tanje uz dobru ventilaciju i vizualni nadzor.<\/p>\n<p>Kanta je opremljena prozorom za pregled s ventilacijskim otvorima, \u0161to omogu\u0107uje cirkulaciju zraka tijekom transporta. Unutarnja ko\u0161ara s re\u0161etkastom strukturom mo\u017ee se izvaditi te je tako\u0111er opremljena vlastitom ru\u010dkom, \u010dime se olak\u0161ava rukovanje i odvajanje \u017eivotinje po potrebi.<\/p>","protected":false},"featured_media":554,"comment_status":"open","ping_status":"closed","template":"","meta":{"site-sidebar-layout":"default","site-content-layout":"","ast-site-content-layout":"default","site-content-style":"default","site-sidebar-style":"default","ast-global-header-display":"","ast-banner-title-visibility":"","ast-main-header-display":"","ast-hfb-above-header-display":"","ast-hfb-below-header-display":"","ast-hfb-mobile-header-display":"","site-post-title":"","ast-breadcrumbs-content":"","ast-featured-img":"","footer-sml-layout":"","ast-disable-related-posts":"","theme-transparent-header-meta":"default","adv-header-id-meta":"","stick-header-meta":"","header-above-stick-meta":"","header-main-stick-meta":"","header-below-stick-meta":"","astra-migrate-meta-layouts":"set","ast-page-background-enabled":"default","ast-page-background-meta":{"desktop":{"background-color":"var(--ast-global-color-5)","background-image":"","background-repeat":"repeat","background-position":"center center","background-size":"auto","background-attachment":"scroll","background-type":"","background-media":"","overlay-type":"","overlay-color":"","overlay-opacity":"","overlay-gradient":""},"tablet":{"background-color":"","background-image":"","background-repeat":"repeat","background-position":"center center","background-size":"auto","background-attachment":"scroll","background-type":"","background-media":"","overlay-type":"","overlay-color":"","overlay-opacity":"","overlay-gradient":""},"mobile":{"background-color":"","background-image":"","background-repeat":"repeat","background-position":"center center","background-size":"auto","background-attachment":"scroll","background-type":"","background-media":"","overlay-type":"","overlay-color":"","overlay-opacity":"","overlay-gradient":""}},"ast-content-background-meta":{"desktop":{"background-color":"var(--ast-global-color-4)","background-image":"","background-repeat":"repeat","background-position":"center center","background-size":"auto","background-attachment":"scroll","background-type":"","background-media":"","overlay-type":"","overlay-color":"","overlay-opacity":"","overlay-gradient":""},"tablet":{"background-color":"var(--ast-global-color-4)","background-image":"","background-repeat":"repeat","background-position":"center center","background-size":"auto","background-attachment":"scroll","background-type":"","background-media":"","overlay-type":"","overlay-color":"","overlay-opacity":"","overlay-gradient":""},"mobile":{"background-color":"var(--ast-global-color-4)","background-image":"","background-repeat":"repeat","background-position":"center center","background-size":"auto","background-attachment":"scroll","background-type":"","background-media":"","overlay-type":"","overlay-color":"","overlay-opacity":"","overlay-gradient":""}}},"product_brand":[],"product_cat":[35,30],"product_tag":[],"class_list":{"0":"post-391","1":"product","2":"type-product","3":"status-publish","4":"has-post-thumbnail","6":"product_cat-oprema-za-zmije-i-reptile","7":"product_cat-rukovanje-i-kontrola-zivotinja","8":"desktop-align-left","9":"tablet-align-left","10":"mobile-align-left","12":"first","13":"instock","14":"shipping-taxable","15":"purchasable","16":"product-type-simple"},"_links":{"self":[{"href":"https:\/\/rancher.hr\/en\/wp-json\/wp\/v2\/product\/391","targetHints":{"allow":["GET"]}}],"collection":[{"href":"https:\/\/rancher.hr\/en\/wp-json\/wp\/v2\/product"}],"about":[{"href":"https:\/\/rancher.hr\/en\/wp-json\/wp\/v2\/types\/product"}],"replies":[{"embeddable":true,"href":"https:\/\/rancher.hr\/en\/wp-json\/wp\/v2\/comments?post=391"}],"wp:featuredmedia":[{"embeddable":true,"href":"https:\/\/rancher.hr\/en\/wp-json\/wp\/v2\/media\/554"}],"wp:attachment":[{"href":"https:\/\/rancher.hr\/en\/wp-json\/wp\/v2\/media?parent=391"}],"wp:term":[{"taxonomy":"product_brand","embeddable":true,"href":"https:\/\/rancher.hr\/en\/wp-json\/wp\/v2\/product_brand?post=391"},{"taxonomy":"product_cat","embeddable":true,"href":"https:\/\/rancher.hr\/en\/wp-json\/wp\/v2\/product_cat?post=391"},{"taxonomy":"product_tag","embeddable":true,"href":"https:\/\/rancher.hr\/en\/wp-json\/wp\/v2\/product_tag?post=391"}],"curies":[{"name":"wp","href":"https:\/\/api.w.org\/{rel}","templated":true}]}}