{"id":389,"date":"2026-03-10T01:00:13","date_gmt":"2026-03-10T00:00:13","guid":{"rendered":"https:\/\/rancher.hr\/?post_type=product&#038;p=389"},"modified":"2026-03-10T22:36:26","modified_gmt":"2026-03-10T21:36:26","slug":"nosila-za-zivotinje-tt3-xl","status":"publish","type":"product","link":"https:\/\/rancher.hr\/en\/product\/nosila-za-zivotinje-tt3-xl\/","title":{"rendered":"Nosila za \u017eivotinje TT3-XL"},"content":{"rendered":"<p>Tehni\u010dke specifikacije:<br \/>\n\u2022 Nosivost: do pribli\u017eno 1000 kg<br \/>\n\u2022 Broj traka za no\u0161enje: 14<br \/>\no 4 na svakoj du\u017eoj strani<br \/>\no 2 na svakoj kra\u0107oj strani<br \/>\n\u2022 Dimenzije: 210 \u00d7 150 cm<br \/>\n\u2022 Te\u017eina: 4 kg<br \/>\n\u2022 Materijal: izdr\u017eljiva, periva plastika<\/p>","protected":false},"excerpt":{"rendered":"<p>Model TT3-XL namijenjen je prijenosu velikih i te\u0161kih \u017eivotinja te\u017eine do pribli\u017eno 1000 kg. Izra\u0111ena su od perive i iznimno \u010dvrste plastike, \u0161to osigurava visoku otpornost i dugotrajnost u zahtjevnim uvjetima rada.<\/p>\n<p>Nosila su dodatno oja\u010dana po vanjskim rubovima i u sredi\u0161njem dijelu radi pove\u0107ane stabilnosti. Mogu se koristiti u kombinaciji s nosivim \u0161ipkama (nisu uklju\u010dene u isporuku).<\/p>\n<p>&nbsp;<\/p>","protected":false},"featured_media":484,"comment_status":"open","ping_status":"closed","template":"","meta":{"site-sidebar-layout":"default","site-content-layout":"","ast-site-content-layout":"default","site-content-style":"default","site-sidebar-style":"default","ast-global-header-display":"","ast-banner-title-visibility":"","ast-main-header-display":"","ast-hfb-above-header-display":"","ast-hfb-below-header-display":"","ast-hfb-mobile-header-display":"","site-post-title":"","ast-breadcrumbs-content":"","ast-featured-img":"","footer-sml-layout":"","ast-disable-related-posts":"","theme-transparent-header-meta":"default","adv-header-id-meta":"","stick-header-meta":"","header-above-stick-meta":"","header-main-stick-meta":"","header-below-stick-meta":"","astra-migrate-meta-layouts":"set","ast-page-background-enabled":"default","ast-page-background-meta":{"desktop":{"background-color":"var(--ast-global-color-5)","background-image":"","background-repeat":"repeat","background-position":"center center","background-size":"auto","background-attachment":"scroll","background-type":"","background-media":"","overlay-type":"","overlay-color":"","overlay-opacity":"","overlay-gradient":""},"tablet":{"background-color":"","background-image":"","background-repeat":"repeat","background-position":"center center","background-size":"auto","background-attachment":"scroll","background-type":"","background-media":"","overlay-type":"","overlay-color":"","overlay-opacity":"","overlay-gradient":""},"mobile":{"background-color":"","background-image":"","background-repeat":"repeat","background-position":"center center","background-size":"auto","background-attachment":"scroll","background-type":"","background-media":"","overlay-type":"","overlay-color":"","overlay-opacity":"","overlay-gradient":""}},"ast-content-background-meta":{"desktop":{"background-color":"var(--ast-global-color-4)","background-image":"","background-repeat":"repeat","background-position":"center center","background-size":"auto","background-attachment":"scroll","background-type":"","background-media":"","overlay-type":"","overlay-color":"","overlay-opacity":"","overlay-gradient":""},"tablet":{"background-color":"var(--ast-global-color-4)","background-image":"","background-repeat":"repeat","background-position":"center center","background-size":"auto","background-attachment":"scroll","background-type":"","background-media":"","overlay-type":"","overlay-color":"","overlay-opacity":"","overlay-gradient":""},"mobile":{"background-color":"var(--ast-global-color-4)","background-image":"","background-repeat":"repeat","background-position":"center center","background-size":"auto","background-attachment":"scroll","background-type":"","background-media":"","overlay-type":"","overlay-color":"","overlay-opacity":"","overlay-gradient":""}}},"product_brand":[],"product_cat":[38,30],"product_tag":[],"class_list":{"0":"post-389","1":"product","2":"type-product","3":"status-publish","4":"has-post-thumbnail","6":"product_cat-nosila-za-zivotinje","7":"product_cat-rukovanje-i-kontrola-zivotinja","8":"desktop-align-left","9":"tablet-align-left","10":"mobile-align-left","12":"first","13":"instock","14":"shipping-taxable","15":"purchasable","16":"product-type-simple"},"_links":{"self":[{"href":"https:\/\/rancher.hr\/en\/wp-json\/wp\/v2\/product\/389","targetHints":{"allow":["GET"]}}],"collection":[{"href":"https:\/\/rancher.hr\/en\/wp-json\/wp\/v2\/product"}],"about":[{"href":"https:\/\/rancher.hr\/en\/wp-json\/wp\/v2\/types\/product"}],"replies":[{"embeddable":true,"href":"https:\/\/rancher.hr\/en\/wp-json\/wp\/v2\/comments?post=389"}],"wp:featuredmedia":[{"embeddable":true,"href":"https:\/\/rancher.hr\/en\/wp-json\/wp\/v2\/media\/484"}],"wp:attachment":[{"href":"https:\/\/rancher.hr\/en\/wp-json\/wp\/v2\/media?parent=389"}],"wp:term":[{"taxonomy":"product_brand","embeddable":true,"href":"https:\/\/rancher.hr\/en\/wp-json\/wp\/v2\/product_brand?post=389"},{"taxonomy":"product_cat","embeddable":true,"href":"https:\/\/rancher.hr\/en\/wp-json\/wp\/v2\/product_cat?post=389"},{"taxonomy":"product_tag","embeddable":true,"href":"https:\/\/rancher.hr\/en\/wp-json\/wp\/v2\/product_tag?post=389"}],"curies":[{"name":"wp","href":"https:\/\/api.w.org\/{rel}","templated":true}]}}