{"id":382,"date":"2026-03-10T00:49:25","date_gmt":"2026-03-09T23:49:25","guid":{"rendered":"https:\/\/rancher.hr\/?post_type=product&#038;p=382"},"modified":"2026-03-10T22:40:43","modified_gmt":"2026-03-10T21:40:43","slug":"transportna-kutija-ubs","status":"publish","type":"product","link":"https:\/\/rancher.hr\/en\/product\/transportna-kutija-ubs\/","title":{"rendered":"Transportna kutija UBS"},"content":{"rendered":"<p>Tehni\u010dke specifikacije:<br \/>\n\u2022 Materijal: nehr\u0111aju\u0107i \u010delik<br \/>\n\u2022 Fiksno dno kaveza s uklonjivom plasti\u010dnom podlogom<br \/>\n\u2022 Potisna plo\u010da za kontrolirano zadr\u017eavanje \u017eivotinje<br \/>\n\u2022 Zaklju\u010diva vrata na vrhu<br \/>\n\u2022 Zaklju\u010diva klizna vrata sa strane<br \/>\n\u2022 Dimenzije: 46 \u00d7 30 \u00d7 30 cm<br \/>\n\u2022 Te\u017eina: 4 kg<\/p>","protected":false},"excerpt":{"rendered":"<p>Model UBS je profesionalna transportna kutija namijenjena ma\u010dkama, manjim psima, pticama i drugim \u017eivotinjama. Konstrukcija omogu\u0107uje siguran transport te kontrolirano rukovanje tijekom pregleda ili zahvata.<\/p>\n<p>Kavez je izra\u0111en od nehr\u0111aju\u0107eg \u010delika, a nakon uklanjanja plasti\u010dne podne podloge mo\u017ee se termi\u010dki dezinficirati. Opremljen je potisnom (restraining) plo\u010dom koja omogu\u0107uje sigurno pozicioniranje \u017eivotinje unutar kaveza radi pregleda ili tretmana bez izravnog kontakta.<\/p>\n<p>Kutija ima zaklju\u010diva gornja vrata te dodatna zaklju\u010diva klizna vrata sa strane, \u0161to omogu\u0107uje siguran pristup iz vi\u0161e smjerova.<\/p>","protected":false},"featured_media":553,"comment_status":"open","ping_status":"closed","template":"","meta":{"site-sidebar-layout":"default","site-content-layout":"","ast-site-content-layout":"default","site-content-style":"default","site-sidebar-style":"default","ast-global-header-display":"","ast-banner-title-visibility":"","ast-main-header-display":"","ast-hfb-above-header-display":"","ast-hfb-below-header-display":"","ast-hfb-mobile-header-display":"","site-post-title":"","ast-breadcrumbs-content":"","ast-featured-img":"","footer-sml-layout":"","ast-disable-related-posts":"","theme-transparent-header-meta":"default","adv-header-id-meta":"","stick-header-meta":"","header-above-stick-meta":"","header-main-stick-meta":"","header-below-stick-meta":"","astra-migrate-meta-layouts":"set","ast-page-background-enabled":"default","ast-page-background-meta":{"desktop":{"background-color":"var(--ast-global-color-5)","background-image":"","background-repeat":"repeat","background-position":"center center","background-size":"auto","background-attachment":"scroll","background-type":"","background-media":"","overlay-type":"","overlay-color":"","overlay-opacity":"","overlay-gradient":""},"tablet":{"background-color":"","background-image":"","background-repeat":"repeat","background-position":"center center","background-size":"auto","background-attachment":"scroll","background-type":"","background-media":"","overlay-type":"","overlay-color":"","overlay-opacity":"","overlay-gradient":""},"mobile":{"background-color":"","background-image":"","background-repeat":"repeat","background-position":"center center","background-size":"auto","background-attachment":"scroll","background-type":"","background-media":"","overlay-type":"","overlay-color":"","overlay-opacity":"","overlay-gradient":""}},"ast-content-background-meta":{"desktop":{"background-color":"var(--ast-global-color-4)","background-image":"","background-repeat":"repeat","background-position":"center center","background-size":"auto","background-attachment":"scroll","background-type":"","background-media":"","overlay-type":"","overlay-color":"","overlay-opacity":"","overlay-gradient":""},"tablet":{"background-color":"var(--ast-global-color-4)","background-image":"","background-repeat":"repeat","background-position":"center center","background-size":"auto","background-attachment":"scroll","background-type":"","background-media":"","overlay-type":"","overlay-color":"","overlay-opacity":"","overlay-gradient":""},"mobile":{"background-color":"var(--ast-global-color-4)","background-image":"","background-repeat":"repeat","background-position":"center center","background-size":"auto","background-attachment":"scroll","background-type":"","background-media":"","overlay-type":"","overlay-color":"","overlay-opacity":"","overlay-gradient":""}}},"product_brand":[],"product_cat":[36,30],"product_tag":[],"class_list":{"0":"post-382","1":"product","2":"type-product","3":"status-publish","4":"has-post-thumbnail","6":"product_cat-kavezi","7":"product_cat-rukovanje-i-kontrola-zivotinja","8":"desktop-align-left","9":"tablet-align-left","10":"mobile-align-left","12":"first","13":"instock","14":"shipping-taxable","15":"purchasable","16":"product-type-simple"},"_links":{"self":[{"href":"https:\/\/rancher.hr\/en\/wp-json\/wp\/v2\/product\/382","targetHints":{"allow":["GET"]}}],"collection":[{"href":"https:\/\/rancher.hr\/en\/wp-json\/wp\/v2\/product"}],"about":[{"href":"https:\/\/rancher.hr\/en\/wp-json\/wp\/v2\/types\/product"}],"replies":[{"embeddable":true,"href":"https:\/\/rancher.hr\/en\/wp-json\/wp\/v2\/comments?post=382"}],"wp:featuredmedia":[{"embeddable":true,"href":"https:\/\/rancher.hr\/en\/wp-json\/wp\/v2\/media\/553"}],"wp:attachment":[{"href":"https:\/\/rancher.hr\/en\/wp-json\/wp\/v2\/media?parent=382"}],"wp:term":[{"taxonomy":"product_brand","embeddable":true,"href":"https:\/\/rancher.hr\/en\/wp-json\/wp\/v2\/product_brand?post=382"},{"taxonomy":"product_cat","embeddable":true,"href":"https:\/\/rancher.hr\/en\/wp-json\/wp\/v2\/product_cat?post=382"},{"taxonomy":"product_tag","embeddable":true,"href":"https:\/\/rancher.hr\/en\/wp-json\/wp\/v2\/product_tag?post=382"}],"curies":[{"name":"wp","href":"https:\/\/api.w.org\/{rel}","templated":true}]}}