{"id":378,"date":"2026-03-10T00:41:25","date_gmt":"2026-03-09T23:41:25","guid":{"rendered":"https:\/\/rancher.hr\/?post_type=product&#038;p=378"},"modified":"2026-03-10T23:11:04","modified_gmt":"2026-03-10T22:11:04","slug":"brnjica-mas-6","status":"publish","type":"product","link":"https:\/\/rancher.hr\/en\/product\/brnjica-mas-6\/","title":{"rendered":"Set brnjica MAS-6"},"content":{"rendered":"<p>Karakteristike:<br \/>\n\u2022 Izra\u0111ena od termoplasti\u010dne gume<br \/>\n\u2022 Fleksibilna i prilagodljiva obliku nju\u0161ke<br \/>\n\u2022 Ergonomski sigurnosni remen<br \/>\n\u2022 Dodatna petlja za pri\u010dvr\u0161\u0107ivanje na ogrlicu<br \/>\n\u2022 Opcionalni odvojivi remen preko glave<br \/>\n\u2022 Podesiva kop\u010da za brzo postavljanje<br \/>\n\u2022 Neopren podstava za ve\u0107u udobnost<br \/>\n\u2022 Jednostavno odr\u017eavanje i \u010di\u0161\u0107enje<\/p>\n<p>Pregled veli\u010dina:<br \/>\n\u2022 Veli\u010dina 1 \u2013 Border Terrier, Jack Russell Terrier<br \/>\n\u2022 Veli\u010dina 2 \u2013 Cocker Spaniel, Beagle<br \/>\n\u2022 Veli\u010dina 3 \u2013 Collie, Staffordshire Bull Terrier<br \/>\n\u2022 Veli\u010dina 4 \u2013 Pointer, Pit Bull<br \/>\n\u2022 Veli\u010dina 5 \u2013 Labrador, Njema\u010dki ov\u010dar<br \/>\n\u2022 Veli\u010dina 6 \u2013 Njema\u010dka doga, Rottweiler<\/p>","protected":false},"excerpt":{"rendered":"<p>Profesionalni set.<\/p>\n<p>Model MAS-6 je fleksibilna, sigurna i udobna profesionalna brnjica izra\u0111ena od izdr\u017eljive termoplasti\u010dne gume. Materijal je \u010dvrst, dugotrajan i jednostavan za \u010di\u0161\u0107enje, a istovremeno prilagodljiv kako bi se mogao prilagoditi obliku nju\u0161ke psa.<\/p>\n<p>Ergonomski dizajniran sigurnosni remen osigurava stabilno prianjanje. Brnjica ima dvije dodatne to\u010dke pri\u010dvr\u0161\u0107ivanja: donju petlju za pri\u010dvr\u0161\u0107ivanje na postoje\u0107u ogrlicu psa te opcionalni, odvojivi remen preko glave za dodatnu sigurnost. Podesiva kop\u010da omogu\u0107uje brzo i jednostavno postavljanje.<\/p>\n<p>Mali prakti\u010dni otvor omogu\u0107uje psu disanje, dahtanje, pijenje i uzimanje hrane, dok unutarnja neopren podstava na remenju pru\u017ea dodatnu udobnost.<\/p>\n<p>&nbsp;<\/p>","protected":false},"featured_media":525,"comment_status":"open","ping_status":"closed","template":"","meta":{"site-sidebar-layout":"default","site-content-layout":"","ast-site-content-layout":"default","site-content-style":"default","site-sidebar-style":"default","ast-global-header-display":"","ast-banner-title-visibility":"","ast-main-header-display":"","ast-hfb-above-header-display":"","ast-hfb-below-header-display":"","ast-hfb-mobile-header-display":"","site-post-title":"","ast-breadcrumbs-content":"","ast-featured-img":"","footer-sml-layout":"","ast-disable-related-posts":"","theme-transparent-header-meta":"default","adv-header-id-meta":"","stick-header-meta":"","header-above-stick-meta":"","header-main-stick-meta":"","header-below-stick-meta":"","astra-migrate-meta-layouts":"set","ast-page-background-enabled":"default","ast-page-background-meta":{"desktop":{"background-color":"var(--ast-global-color-5)","background-image":"","background-repeat":"repeat","background-position":"center center","background-size":"auto","background-attachment":"scroll","background-type":"","background-media":"","overlay-type":"","overlay-color":"","overlay-opacity":"","overlay-gradient":""},"tablet":{"background-color":"","background-image":"","background-repeat":"repeat","background-position":"center center","background-size":"auto","background-attachment":"scroll","background-type":"","background-media":"","overlay-type":"","overlay-color":"","overlay-opacity":"","overlay-gradient":""},"mobile":{"background-color":"","background-image":"","background-repeat":"repeat","background-position":"center center","background-size":"auto","background-attachment":"scroll","background-type":"","background-media":"","overlay-type":"","overlay-color":"","overlay-opacity":"","overlay-gradient":""}},"ast-content-background-meta":{"desktop":{"background-color":"var(--ast-global-color-4)","background-image":"","background-repeat":"repeat","background-position":"center center","background-size":"auto","background-attachment":"scroll","background-type":"","background-media":"","overlay-type":"","overlay-color":"","overlay-opacity":"","overlay-gradient":""},"tablet":{"background-color":"var(--ast-global-color-4)","background-image":"","background-repeat":"repeat","background-position":"center center","background-size":"auto","background-attachment":"scroll","background-type":"","background-media":"","overlay-type":"","overlay-color":"","overlay-opacity":"","overlay-gradient":""},"mobile":{"background-color":"var(--ast-global-color-4)","background-image":"","background-repeat":"repeat","background-position":"center center","background-size":"auto","background-attachment":"scroll","background-type":"","background-media":"","overlay-type":"","overlay-color":"","overlay-opacity":"","overlay-gradient":""}}},"product_brand":[],"product_cat":[37,30],"product_tag":[],"class_list":{"0":"post-378","1":"product","2":"type-product","3":"status-publish","4":"has-post-thumbnail","6":"product_cat-brnjice-za-pse","7":"product_cat-rukovanje-i-kontrola-zivotinja","8":"desktop-align-left","9":"tablet-align-left","10":"mobile-align-left","12":"first","13":"instock","14":"shipping-taxable","15":"purchasable","16":"product-type-simple"},"_links":{"self":[{"href":"https:\/\/rancher.hr\/en\/wp-json\/wp\/v2\/product\/378","targetHints":{"allow":["GET"]}}],"collection":[{"href":"https:\/\/rancher.hr\/en\/wp-json\/wp\/v2\/product"}],"about":[{"href":"https:\/\/rancher.hr\/en\/wp-json\/wp\/v2\/types\/product"}],"replies":[{"embeddable":true,"href":"https:\/\/rancher.hr\/en\/wp-json\/wp\/v2\/comments?post=378"}],"wp:featuredmedia":[{"embeddable":true,"href":"https:\/\/rancher.hr\/en\/wp-json\/wp\/v2\/media\/525"}],"wp:attachment":[{"href":"https:\/\/rancher.hr\/en\/wp-json\/wp\/v2\/media?parent=378"}],"wp:term":[{"taxonomy":"product_brand","embeddable":true,"href":"https:\/\/rancher.hr\/en\/wp-json\/wp\/v2\/product_brand?post=378"},{"taxonomy":"product_cat","embeddable":true,"href":"https:\/\/rancher.hr\/en\/wp-json\/wp\/v2\/product_cat?post=378"},{"taxonomy":"product_tag","embeddable":true,"href":"https:\/\/rancher.hr\/en\/wp-json\/wp\/v2\/product_tag?post=378"}],"curies":[{"name":"wp","href":"https:\/\/api.w.org\/{rel}","templated":true}]}}