{"id":377,"date":"2026-03-10T00:38:30","date_gmt":"2026-03-09T23:38:30","guid":{"rendered":"https:\/\/rancher.hr\/?post_type=product&#038;p=377"},"modified":"2026-03-10T22:46:38","modified_gmt":"2026-03-10T21:46:38","slug":"zamka-za-pse-hf","status":"publish","type":"product","link":"https:\/\/rancher.hr\/en\/product\/zamka-za-pse-hf\/","title":{"rendered":"Zamka za pse HF"},"content":{"rendered":"<p>Tehni\u010dke specifikacije:<br \/>\n\u2022 Materijal: pocin\u010dani \u010delik<br \/>\n\u2022 1 automatska vrata<br \/>\n\u2022 1 servisna (uklanjaju\u0107a) vrata<br \/>\n\u2022 Dimenzije (sastavljena): 131 \u00d7 54 \u00d7 61 cm<br \/>\n\u2022 Dimenzije (sklopljena): 131 \u00d7 54 \u00d7 12 cm<br \/>\n\u2022 Dimenzije otvora: 38 \u00d7 46 cm<br \/>\n\u2022 Te\u017eina: pribli\u017eno 18 kg<\/p>","protected":false},"excerpt":{"rendered":"<p>Model HF je sklopiva zamka namijenjena sigurnom i kontroliranom hvatanju pasa razli\u010ditih veli\u010dina. Prikladna je i za lisice te manje vukove.<\/p>\n<p>Konstrukcija omogu\u0107uje jednostavno sklapanje, \u010dime se \u0161tedi prostor pri transportu i skladi\u0161tenju. Automatska vrata aktiviraju se kada \u017eivotinja krene prema mamcu, \u010dime se osigurava pouzdano zatvaranje.<\/p>\n<p>Zamka je izra\u0111ena od pocin\u010danog \u010delika, \u0161to osigurava \u010dvrsto\u0107u i dugotrajnost.<\/p>\n<p>&nbsp;<\/p>","protected":false},"featured_media":512,"comment_status":"open","ping_status":"closed","template":"","meta":{"site-sidebar-layout":"default","site-content-layout":"","ast-site-content-layout":"default","site-content-style":"default","site-sidebar-style":"default","ast-global-header-display":"","ast-banner-title-visibility":"","ast-main-header-display":"","ast-hfb-above-header-display":"","ast-hfb-below-header-display":"","ast-hfb-mobile-header-display":"","site-post-title":"","ast-breadcrumbs-content":"","ast-featured-img":"","footer-sml-layout":"","ast-disable-related-posts":"","theme-transparent-header-meta":"default","adv-header-id-meta":"","stick-header-meta":"","header-above-stick-meta":"","header-main-stick-meta":"","header-below-stick-meta":"","astra-migrate-meta-layouts":"set","ast-page-background-enabled":"default","ast-page-background-meta":{"desktop":{"background-color":"var(--ast-global-color-5)","background-image":"","background-repeat":"repeat","background-position":"center center","background-size":"auto","background-attachment":"scroll","background-type":"","background-media":"","overlay-type":"","overlay-color":"","overlay-opacity":"","overlay-gradient":""},"tablet":{"background-color":"","background-image":"","background-repeat":"repeat","background-position":"center center","background-size":"auto","background-attachment":"scroll","background-type":"","background-media":"","overlay-type":"","overlay-color":"","overlay-opacity":"","overlay-gradient":""},"mobile":{"background-color":"","background-image":"","background-repeat":"repeat","background-position":"center center","background-size":"auto","background-attachment":"scroll","background-type":"","background-media":"","overlay-type":"","overlay-color":"","overlay-opacity":"","overlay-gradient":""}},"ast-content-background-meta":{"desktop":{"background-color":"var(--ast-global-color-4)","background-image":"","background-repeat":"repeat","background-position":"center center","background-size":"auto","background-attachment":"scroll","background-type":"","background-media":"","overlay-type":"","overlay-color":"","overlay-opacity":"","overlay-gradient":""},"tablet":{"background-color":"var(--ast-global-color-4)","background-image":"","background-repeat":"repeat","background-position":"center center","background-size":"auto","background-attachment":"scroll","background-type":"","background-media":"","overlay-type":"","overlay-color":"","overlay-opacity":"","overlay-gradient":""},"mobile":{"background-color":"var(--ast-global-color-4)","background-image":"","background-repeat":"repeat","background-position":"center center","background-size":"auto","background-attachment":"scroll","background-type":"","background-media":"","overlay-type":"","overlay-color":"","overlay-opacity":"","overlay-gradient":""}}},"product_brand":[],"product_cat":[30,39],"product_tag":[],"class_list":{"0":"post-377","1":"product","2":"type-product","3":"status-publish","4":"has-post-thumbnail","6":"product_cat-rukovanje-i-kontrola-zivotinja","7":"product_cat-zamke","8":"desktop-align-left","9":"tablet-align-left","10":"mobile-align-left","12":"first","13":"instock","14":"shipping-taxable","15":"purchasable","16":"product-type-simple"},"_links":{"self":[{"href":"https:\/\/rancher.hr\/en\/wp-json\/wp\/v2\/product\/377","targetHints":{"allow":["GET"]}}],"collection":[{"href":"https:\/\/rancher.hr\/en\/wp-json\/wp\/v2\/product"}],"about":[{"href":"https:\/\/rancher.hr\/en\/wp-json\/wp\/v2\/types\/product"}],"replies":[{"embeddable":true,"href":"https:\/\/rancher.hr\/en\/wp-json\/wp\/v2\/comments?post=377"}],"wp:featuredmedia":[{"embeddable":true,"href":"https:\/\/rancher.hr\/en\/wp-json\/wp\/v2\/media\/512"}],"wp:attachment":[{"href":"https:\/\/rancher.hr\/en\/wp-json\/wp\/v2\/media?parent=377"}],"wp:term":[{"taxonomy":"product_brand","embeddable":true,"href":"https:\/\/rancher.hr\/en\/wp-json\/wp\/v2\/product_brand?post=377"},{"taxonomy":"product_cat","embeddable":true,"href":"https:\/\/rancher.hr\/en\/wp-json\/wp\/v2\/product_cat?post=377"},{"taxonomy":"product_tag","embeddable":true,"href":"https:\/\/rancher.hr\/en\/wp-json\/wp\/v2\/product_tag?post=377"}],"curies":[{"name":"wp","href":"https:\/\/api.w.org\/{rel}","templated":true}]}}