{"id":376,"date":"2026-03-10T00:37:11","date_gmt":"2026-03-09T23:37:11","guid":{"rendered":"https:\/\/rancher.hr\/?post_type=product&#038;p=376"},"modified":"2026-03-10T22:47:11","modified_gmt":"2026-03-10T21:47:11","slug":"zamka-za-macke-kfm","status":"publish","type":"product","link":"https:\/\/rancher.hr\/en\/product\/zamka-za-macke-kfm\/","title":{"rendered":"Zamka za ma\u010dke KFM"},"content":{"rendered":"<p>Tehni\u010dke specifikacije:<br \/>\n\u2022 Pra\u0161kasto lakirani \u010delik<br \/>\n\u2022 2 vrata (jedna automatska)<br \/>\n\u2022 Stra\u017enja klizna vrata od prozirnog akrila<br \/>\n\u2022 Puno, \u010dvrsto dno<br \/>\n\u2022 Ru\u010dka za no\u0161enje<br \/>\n\u2022 Dimenzije: 79 \u00d7 31 \u00d7 31 cm<br \/>\n\u2022 Te\u017eina: pribli\u017eno 6,9 kg<\/p>","protected":false},"excerpt":{"rendered":"<p>Model KFM je zamka namijenjena sigurnom i kontroliranom hvatanju ma\u010daka. Opremljena je automatskim vratima koja se aktiviraju ulaskom \u017eivotinje, dok stra\u017enja klizna vrata od prozirnog akrilnog stakla omogu\u0107uju bolju vidljivost i stvaraju osje\u0107aj sigurnosti za \u017eivotinju.<\/p>\n<p>Konstrukcija je pra\u0161kasto lakirana, \u0161to osigurava dugotrajnost i otpornost na vanjske uvjete. Zelena boja omogu\u0107uje bolje uklapanje u okoli\u0161.<\/p>\n<p>Zamka ima kontinuirano, \u010dvrsto dno te ru\u010dku za lak\u0161e preno\u0161enje.<\/p>","protected":false},"featured_media":517,"comment_status":"open","ping_status":"closed","template":"","meta":{"site-sidebar-layout":"default","site-content-layout":"","ast-site-content-layout":"default","site-content-style":"default","site-sidebar-style":"default","ast-global-header-display":"","ast-banner-title-visibility":"","ast-main-header-display":"","ast-hfb-above-header-display":"","ast-hfb-below-header-display":"","ast-hfb-mobile-header-display":"","site-post-title":"","ast-breadcrumbs-content":"","ast-featured-img":"","footer-sml-layout":"","ast-disable-related-posts":"","theme-transparent-header-meta":"default","adv-header-id-meta":"","stick-header-meta":"","header-above-stick-meta":"","header-main-stick-meta":"","header-below-stick-meta":"","astra-migrate-meta-layouts":"set","ast-page-background-enabled":"default","ast-page-background-meta":{"desktop":{"background-color":"var(--ast-global-color-5)","background-image":"","background-repeat":"repeat","background-position":"center center","background-size":"auto","background-attachment":"scroll","background-type":"","background-media":"","overlay-type":"","overlay-color":"","overlay-opacity":"","overlay-gradient":""},"tablet":{"background-color":"","background-image":"","background-repeat":"repeat","background-position":"center center","background-size":"auto","background-attachment":"scroll","background-type":"","background-media":"","overlay-type":"","overlay-color":"","overlay-opacity":"","overlay-gradient":""},"mobile":{"background-color":"","background-image":"","background-repeat":"repeat","background-position":"center center","background-size":"auto","background-attachment":"scroll","background-type":"","background-media":"","overlay-type":"","overlay-color":"","overlay-opacity":"","overlay-gradient":""}},"ast-content-background-meta":{"desktop":{"background-color":"var(--ast-global-color-4)","background-image":"","background-repeat":"repeat","background-position":"center center","background-size":"auto","background-attachment":"scroll","background-type":"","background-media":"","overlay-type":"","overlay-color":"","overlay-opacity":"","overlay-gradient":""},"tablet":{"background-color":"var(--ast-global-color-4)","background-image":"","background-repeat":"repeat","background-position":"center center","background-size":"auto","background-attachment":"scroll","background-type":"","background-media":"","overlay-type":"","overlay-color":"","overlay-opacity":"","overlay-gradient":""},"mobile":{"background-color":"var(--ast-global-color-4)","background-image":"","background-repeat":"repeat","background-position":"center center","background-size":"auto","background-attachment":"scroll","background-type":"","background-media":"","overlay-type":"","overlay-color":"","overlay-opacity":"","overlay-gradient":""}}},"product_brand":[],"product_cat":[30,39],"product_tag":[],"class_list":{"0":"post-376","1":"product","2":"type-product","3":"status-publish","4":"has-post-thumbnail","6":"product_cat-rukovanje-i-kontrola-zivotinja","7":"product_cat-zamke","8":"desktop-align-left","9":"tablet-align-left","10":"mobile-align-left","12":"first","13":"instock","14":"shipping-taxable","15":"purchasable","16":"product-type-simple"},"_links":{"self":[{"href":"https:\/\/rancher.hr\/en\/wp-json\/wp\/v2\/product\/376","targetHints":{"allow":["GET"]}}],"collection":[{"href":"https:\/\/rancher.hr\/en\/wp-json\/wp\/v2\/product"}],"about":[{"href":"https:\/\/rancher.hr\/en\/wp-json\/wp\/v2\/types\/product"}],"replies":[{"embeddable":true,"href":"https:\/\/rancher.hr\/en\/wp-json\/wp\/v2\/comments?post=376"}],"wp:featuredmedia":[{"embeddable":true,"href":"https:\/\/rancher.hr\/en\/wp-json\/wp\/v2\/media\/517"}],"wp:attachment":[{"href":"https:\/\/rancher.hr\/en\/wp-json\/wp\/v2\/media?parent=376"}],"wp:term":[{"taxonomy":"product_brand","embeddable":true,"href":"https:\/\/rancher.hr\/en\/wp-json\/wp\/v2\/product_brand?post=376"},{"taxonomy":"product_cat","embeddable":true,"href":"https:\/\/rancher.hr\/en\/wp-json\/wp\/v2\/product_cat?post=376"},{"taxonomy":"product_tag","embeddable":true,"href":"https:\/\/rancher.hr\/en\/wp-json\/wp\/v2\/product_tag?post=376"}],"curies":[{"name":"wp","href":"https:\/\/api.w.org\/{rel}","templated":true}]}}