{"id":374,"date":"2026-03-10T00:34:38","date_gmt":"2026-03-09T23:34:38","guid":{"rendered":"https:\/\/rancher.hr\/?post_type=product&#038;p=374"},"modified":"2026-03-10T22:49:00","modified_gmt":"2026-03-10T21:49:00","slug":"transportni-kavez-tkg","status":"publish","type":"product","link":"https:\/\/rancher.hr\/en\/product\/transportni-kavez-tkg\/","title":{"rendered":"Transport cage TKG"},"content":{"rendered":"<p>Tehni\u010dke specifikacije:<br \/>\n\u2022 Dimenzije (rasklopljen): pribli\u017eno 120 \u00d7 78 \u00d7 86 cm<br \/>\n\u2022 Dimenzije (sklopljen): pribli\u017eno 120 \u00d7 78 \u00d7 14 cm<br \/>\n\u2022 Broj vrata: 2<br \/>\n\u2022 Dimenzije vrata: pribli\u017eno 62 \u00d7 63 cm i 63 \u00d7 60 cm<br \/>\n\u2022 Materijal: pocin\u010dani, pra\u0161kasto lakirani \u010delik<br \/>\n\u2022 Uklonjiva plasti\u010dna podna kadica<br \/>\n\u2022 2 ru\u010dke za no\u0161enje<br \/>\n\u2022 Te\u017eina: 25 kg<\/p>","protected":false},"excerpt":{"rendered":"<p>Model TKG je kvalitetan, sklopivi transportni kavez namijenjen sigurnom smje\u0161taju i prijevozu ma\u010daka i pasa. Konstrukcija omogu\u0107uje jednostavno sklapanje bez potrebe za dodatnim alatom, \u0161to olak\u0161ava transport i skladi\u0161tenje.<\/p>\n<p>Kavez je izra\u0111en od pocin\u010danog i pra\u0161kasto lakiranog \u010delika, \u010dime se osigurava \u010dvrsto\u0107a i dugotrajnost. Opremljen je robusnom, uklonjivom plasti\u010dnom podnom kadicom radi lak\u0161eg \u010di\u0161\u0107enja, kao i s dvije ru\u010dke za no\u0161enje.<\/p>\n<p>Dvoja vrata omogu\u0107uju prakti\u010dan pristup \u017eivotinji iz razli\u010ditih smjerova.<\/p>","protected":false},"featured_media":564,"comment_status":"open","ping_status":"closed","template":"","meta":{"site-sidebar-layout":"default","site-content-layout":"","ast-site-content-layout":"default","site-content-style":"default","site-sidebar-style":"default","ast-global-header-display":"","ast-banner-title-visibility":"","ast-main-header-display":"","ast-hfb-above-header-display":"","ast-hfb-below-header-display":"","ast-hfb-mobile-header-display":"","site-post-title":"","ast-breadcrumbs-content":"","ast-featured-img":"","footer-sml-layout":"","ast-disable-related-posts":"","theme-transparent-header-meta":"default","adv-header-id-meta":"","stick-header-meta":"","header-above-stick-meta":"","header-main-stick-meta":"","header-below-stick-meta":"","astra-migrate-meta-layouts":"set","ast-page-background-enabled":"default","ast-page-background-meta":{"desktop":{"background-color":"var(--ast-global-color-5)","background-image":"","background-repeat":"repeat","background-position":"center center","background-size":"auto","background-attachment":"scroll","background-type":"","background-media":"","overlay-type":"","overlay-color":"","overlay-opacity":"","overlay-gradient":""},"tablet":{"background-color":"","background-image":"","background-repeat":"repeat","background-position":"center center","background-size":"auto","background-attachment":"scroll","background-type":"","background-media":"","overlay-type":"","overlay-color":"","overlay-opacity":"","overlay-gradient":""},"mobile":{"background-color":"","background-image":"","background-repeat":"repeat","background-position":"center center","background-size":"auto","background-attachment":"scroll","background-type":"","background-media":"","overlay-type":"","overlay-color":"","overlay-opacity":"","overlay-gradient":""}},"ast-content-background-meta":{"desktop":{"background-color":"var(--ast-global-color-4)","background-image":"","background-repeat":"repeat","background-position":"center center","background-size":"auto","background-attachment":"scroll","background-type":"","background-media":"","overlay-type":"","overlay-color":"","overlay-opacity":"","overlay-gradient":""},"tablet":{"background-color":"var(--ast-global-color-4)","background-image":"","background-repeat":"repeat","background-position":"center center","background-size":"auto","background-attachment":"scroll","background-type":"","background-media":"","overlay-type":"","overlay-color":"","overlay-opacity":"","overlay-gradient":""},"mobile":{"background-color":"var(--ast-global-color-4)","background-image":"","background-repeat":"repeat","background-position":"center center","background-size":"auto","background-attachment":"scroll","background-type":"","background-media":"","overlay-type":"","overlay-color":"","overlay-opacity":"","overlay-gradient":""}}},"product_brand":[],"product_cat":[36,30],"product_tag":[],"class_list":{"0":"post-374","1":"product","2":"type-product","3":"status-publish","4":"has-post-thumbnail","6":"product_cat-kavezi","7":"product_cat-rukovanje-i-kontrola-zivotinja","8":"desktop-align-left","9":"tablet-align-left","10":"mobile-align-left","12":"first","13":"instock","14":"shipping-taxable","15":"purchasable","16":"product-type-simple"},"_links":{"self":[{"href":"https:\/\/rancher.hr\/en\/wp-json\/wp\/v2\/product\/374","targetHints":{"allow":["GET"]}}],"collection":[{"href":"https:\/\/rancher.hr\/en\/wp-json\/wp\/v2\/product"}],"about":[{"href":"https:\/\/rancher.hr\/en\/wp-json\/wp\/v2\/types\/product"}],"replies":[{"embeddable":true,"href":"https:\/\/rancher.hr\/en\/wp-json\/wp\/v2\/comments?post=374"}],"wp:featuredmedia":[{"embeddable":true,"href":"https:\/\/rancher.hr\/en\/wp-json\/wp\/v2\/media\/564"}],"wp:attachment":[{"href":"https:\/\/rancher.hr\/en\/wp-json\/wp\/v2\/media?parent=374"}],"wp:term":[{"taxonomy":"product_brand","embeddable":true,"href":"https:\/\/rancher.hr\/en\/wp-json\/wp\/v2\/product_brand?post=374"},{"taxonomy":"product_cat","embeddable":true,"href":"https:\/\/rancher.hr\/en\/wp-json\/wp\/v2\/product_cat?post=374"},{"taxonomy":"product_tag","embeddable":true,"href":"https:\/\/rancher.hr\/en\/wp-json\/wp\/v2\/product_tag?post=374"}],"curies":[{"name":"wp","href":"https:\/\/api.w.org\/{rel}","templated":true}]}}