{"id":365,"date":"2026-03-10T00:22:50","date_gmt":"2026-03-09T23:22:50","guid":{"rendered":"https:\/\/rancher.hr\/?post_type=product&#038;p=365"},"modified":"2026-03-10T22:55:48","modified_gmt":"2026-03-10T21:55:48","slug":"mreza-za-hvatanje-zivotinja-nf2-do-20kg","status":"publish","type":"product","link":"https:\/\/rancher.hr\/en\/product\/mreza-za-hvatanje-zivotinja-nf2-do-20kg\/","title":{"rendered":"Mre\u017ea za hvatanje \u017eivotinja NF2 (do 20kg)"},"content":{"rendered":"<p>Karakteristike:<br \/>\n\u2022 Pogodna za \u017eivotinje do pribli\u017eno 20 kg<br \/>\n\u2022 \u0160iroki otvor mre\u017ee<br \/>\n\u2022 Duga i elasti\u010dna mre\u017ea finog oka<br \/>\n\u2022 Zatvaranje pomo\u0107u zatezne uzice<br \/>\n\u2022 Teleskopska konstrukcija za ve\u0107i doseg<br \/>\n\u2022 Jednostavna za transport<br \/>\n\u2022 Te\u017eina: 1,7 kg<\/p>\n<p>Tehni\u010dke specifikacije:<br \/>\n\u2022 Otvor mre\u017ee: 51 \u00d7 43 cm<br \/>\n\u2022 Dubina mre\u017ee: 105 cm<br \/>\n\u2022 Duljina dr\u0161ke: 93 \u2013 170 cm<br \/>\n\u2022 Ukupna duljina: 144 \u2013 271 cm<br \/>\n\u2022 Zamjenska mre\u017ea: N-NF2<\/p>","protected":false},"excerpt":{"rendered":"<p>Model NF2 odlikuje se robusnom konstrukcijom, \u0161irokim otvorom mre\u017ee i fleksibilnim obru\u010dem, uz posebno dugu i elasti\u010dnu mre\u017eu finog oka. Namijenjena je hvatanju manjih i srednje velikih \u017eivotinja.<\/p>\n<p>Teleskopska dr\u0161ka omogu\u0107uje produ\u017eenje duljine od 93 cm do 170 cm, \u0161to olak\u0161ava rad na ve\u0107oj udaljenosti. Mre\u017ea se zatvara pomo\u0107u zatezne uzice, \u010dime se osigurava kontrolirano i sigurno zatvaranje nakon hvatanja.<\/p>","protected":false},"featured_media":535,"comment_status":"open","ping_status":"closed","template":"","meta":{"site-sidebar-layout":"default","site-content-layout":"","ast-site-content-layout":"default","site-content-style":"default","site-sidebar-style":"default","ast-global-header-display":"","ast-banner-title-visibility":"","ast-main-header-display":"","ast-hfb-above-header-display":"","ast-hfb-below-header-display":"","ast-hfb-mobile-header-display":"","site-post-title":"","ast-breadcrumbs-content":"","ast-featured-img":"","footer-sml-layout":"","ast-disable-related-posts":"","theme-transparent-header-meta":"default","adv-header-id-meta":"","stick-header-meta":"","header-above-stick-meta":"","header-main-stick-meta":"","header-below-stick-meta":"","astra-migrate-meta-layouts":"set","ast-page-background-enabled":"default","ast-page-background-meta":{"desktop":{"background-color":"var(--ast-global-color-5)","background-image":"","background-repeat":"repeat","background-position":"center center","background-size":"auto","background-attachment":"scroll","background-type":"","background-media":"","overlay-type":"","overlay-color":"","overlay-opacity":"","overlay-gradient":""},"tablet":{"background-color":"","background-image":"","background-repeat":"repeat","background-position":"center center","background-size":"auto","background-attachment":"scroll","background-type":"","background-media":"","overlay-type":"","overlay-color":"","overlay-opacity":"","overlay-gradient":""},"mobile":{"background-color":"","background-image":"","background-repeat":"repeat","background-position":"center center","background-size":"auto","background-attachment":"scroll","background-type":"","background-media":"","overlay-type":"","overlay-color":"","overlay-opacity":"","overlay-gradient":""}},"ast-content-background-meta":{"desktop":{"background-color":"var(--ast-global-color-4)","background-image":"","background-repeat":"repeat","background-position":"center center","background-size":"auto","background-attachment":"scroll","background-type":"","background-media":"","overlay-type":"","overlay-color":"","overlay-opacity":"","overlay-gradient":""},"tablet":{"background-color":"var(--ast-global-color-4)","background-image":"","background-repeat":"repeat","background-position":"center center","background-size":"auto","background-attachment":"scroll","background-type":"","background-media":"","overlay-type":"","overlay-color":"","overlay-opacity":"","overlay-gradient":""},"mobile":{"background-color":"var(--ast-global-color-4)","background-image":"","background-repeat":"repeat","background-position":"center center","background-size":"auto","background-attachment":"scroll","background-type":"","background-media":"","overlay-type":"","overlay-color":"","overlay-opacity":"","overlay-gradient":""}}},"product_brand":[],"product_cat":[33,30],"product_tag":[],"class_list":{"0":"post-365","1":"product","2":"type-product","3":"status-publish","4":"has-post-thumbnail","6":"product_cat-mreze-za-hvatanje","7":"product_cat-rukovanje-i-kontrola-zivotinja","8":"desktop-align-left","9":"tablet-align-left","10":"mobile-align-left","12":"first","13":"instock","14":"shipping-taxable","15":"purchasable","16":"product-type-simple"},"_links":{"self":[{"href":"https:\/\/rancher.hr\/en\/wp-json\/wp\/v2\/product\/365","targetHints":{"allow":["GET"]}}],"collection":[{"href":"https:\/\/rancher.hr\/en\/wp-json\/wp\/v2\/product"}],"about":[{"href":"https:\/\/rancher.hr\/en\/wp-json\/wp\/v2\/types\/product"}],"replies":[{"embeddable":true,"href":"https:\/\/rancher.hr\/en\/wp-json\/wp\/v2\/comments?post=365"}],"wp:featuredmedia":[{"embeddable":true,"href":"https:\/\/rancher.hr\/en\/wp-json\/wp\/v2\/media\/535"}],"wp:attachment":[{"href":"https:\/\/rancher.hr\/en\/wp-json\/wp\/v2\/media?parent=365"}],"wp:term":[{"taxonomy":"product_brand","embeddable":true,"href":"https:\/\/rancher.hr\/en\/wp-json\/wp\/v2\/product_brand?post=365"},{"taxonomy":"product_cat","embeddable":true,"href":"https:\/\/rancher.hr\/en\/wp-json\/wp\/v2\/product_cat?post=365"},{"taxonomy":"product_tag","embeddable":true,"href":"https:\/\/rancher.hr\/en\/wp-json\/wp\/v2\/product_tag?post=365"}],"curies":[{"name":"wp","href":"https:\/\/api.w.org\/{rel}","templated":true}]}}