{"id":364,"date":"2026-03-10T00:21:29","date_gmt":"2026-03-09T23:21:29","guid":{"rendered":"https:\/\/rancher.hr\/?post_type=product&#038;p=364"},"modified":"2026-03-10T22:56:19","modified_gmt":"2026-03-10T21:56:19","slug":"mreza-za-hvatanje-zivotinja-nf1-do-11kg","status":"publish","type":"product","link":"https:\/\/rancher.hr\/en\/product\/mreza-za-hvatanje-zivotinja-nf1-do-11kg\/","title":{"rendered":"Mre\u017ea za hvatanje \u017eivotinja NF1 (do 11kg)"},"content":{"rendered":"<p>Tehni\u010dke specifikacije:<br \/>\n\u2022 Otvor mre\u017ee: 50 \u00d7 29 cm<br \/>\n\u2022 Dubina mre\u017ee: 85 cm<br \/>\n\u2022 Duljina \u0161tapa: 77 cm<br \/>\n\u2022 Ukupna duljina (\u0161tap + mre\u017ea): 127 cm<br \/>\n\u2022 Te\u017eina: 800 g<br \/>\n\u2022 Aluminijska konstrukcija<br \/>\n\u2022 Uklju\u010dena najlonska torba za no\u0161enje<br \/>\n\u2022 Zamjenska mre\u017ea: N-NF1<\/p>","protected":false},"excerpt":{"rendered":"<p>Model NF1 namijenjen je sigurnom i kontroliranom hvatanju manjih \u017eivotinja u sku\u010denim prostorima, kutovima i te\u0161ko dostupnim podru\u010djima. Pogodna je za \u017eivotinje do pribli\u017eno 11 kg, uklju\u010duju\u0107i ma\u010dke, manje divlje \u017eivotinje i zmije.<\/p>\n<p>Duboka mre\u017ea s finim okom omogu\u0107uje pouzdanu kontrolu, a zatvara se pomo\u0107u kliznog mehanizma. Zahvaljuju\u0107i kra\u0107oj ukupnoj duljini i maloj te\u017eini, mre\u017ea je posebno prakti\u010dna za rad u zatvorenim prostorima i na maloj udaljenosti.<\/p>\n<p>Patentni otvor na dnu mre\u017ee omogu\u0107uje brzo i kontrolirano osloba\u0111anje \u017eivotinje.<\/p>","protected":false},"featured_media":534,"comment_status":"open","ping_status":"closed","template":"","meta":{"site-sidebar-layout":"default","site-content-layout":"","ast-site-content-layout":"default","site-content-style":"default","site-sidebar-style":"default","ast-global-header-display":"","ast-banner-title-visibility":"","ast-main-header-display":"","ast-hfb-above-header-display":"","ast-hfb-below-header-display":"","ast-hfb-mobile-header-display":"","site-post-title":"","ast-breadcrumbs-content":"","ast-featured-img":"","footer-sml-layout":"","ast-disable-related-posts":"","theme-transparent-header-meta":"default","adv-header-id-meta":"","stick-header-meta":"","header-above-stick-meta":"","header-main-stick-meta":"","header-below-stick-meta":"","astra-migrate-meta-layouts":"set","ast-page-background-enabled":"default","ast-page-background-meta":{"desktop":{"background-color":"var(--ast-global-color-5)","background-image":"","background-repeat":"repeat","background-position":"center center","background-size":"auto","background-attachment":"scroll","background-type":"","background-media":"","overlay-type":"","overlay-color":"","overlay-opacity":"","overlay-gradient":""},"tablet":{"background-color":"","background-image":"","background-repeat":"repeat","background-position":"center center","background-size":"auto","background-attachment":"scroll","background-type":"","background-media":"","overlay-type":"","overlay-color":"","overlay-opacity":"","overlay-gradient":""},"mobile":{"background-color":"","background-image":"","background-repeat":"repeat","background-position":"center center","background-size":"auto","background-attachment":"scroll","background-type":"","background-media":"","overlay-type":"","overlay-color":"","overlay-opacity":"","overlay-gradient":""}},"ast-content-background-meta":{"desktop":{"background-color":"var(--ast-global-color-4)","background-image":"","background-repeat":"repeat","background-position":"center center","background-size":"auto","background-attachment":"scroll","background-type":"","background-media":"","overlay-type":"","overlay-color":"","overlay-opacity":"","overlay-gradient":""},"tablet":{"background-color":"var(--ast-global-color-4)","background-image":"","background-repeat":"repeat","background-position":"center center","background-size":"auto","background-attachment":"scroll","background-type":"","background-media":"","overlay-type":"","overlay-color":"","overlay-opacity":"","overlay-gradient":""},"mobile":{"background-color":"var(--ast-global-color-4)","background-image":"","background-repeat":"repeat","background-position":"center center","background-size":"auto","background-attachment":"scroll","background-type":"","background-media":"","overlay-type":"","overlay-color":"","overlay-opacity":"","overlay-gradient":""}}},"product_brand":[],"product_cat":[33,30],"product_tag":[],"class_list":{"0":"post-364","1":"product","2":"type-product","3":"status-publish","4":"has-post-thumbnail","6":"product_cat-mreze-za-hvatanje","7":"product_cat-rukovanje-i-kontrola-zivotinja","8":"desktop-align-left","9":"tablet-align-left","10":"mobile-align-left","12":"first","13":"instock","14":"shipping-taxable","15":"purchasable","16":"product-type-simple"},"_links":{"self":[{"href":"https:\/\/rancher.hr\/en\/wp-json\/wp\/v2\/product\/364","targetHints":{"allow":["GET"]}}],"collection":[{"href":"https:\/\/rancher.hr\/en\/wp-json\/wp\/v2\/product"}],"about":[{"href":"https:\/\/rancher.hr\/en\/wp-json\/wp\/v2\/types\/product"}],"replies":[{"embeddable":true,"href":"https:\/\/rancher.hr\/en\/wp-json\/wp\/v2\/comments?post=364"}],"wp:featuredmedia":[{"embeddable":true,"href":"https:\/\/rancher.hr\/en\/wp-json\/wp\/v2\/media\/534"}],"wp:attachment":[{"href":"https:\/\/rancher.hr\/en\/wp-json\/wp\/v2\/media?parent=364"}],"wp:term":[{"taxonomy":"product_brand","embeddable":true,"href":"https:\/\/rancher.hr\/en\/wp-json\/wp\/v2\/product_brand?post=364"},{"taxonomy":"product_cat","embeddable":true,"href":"https:\/\/rancher.hr\/en\/wp-json\/wp\/v2\/product_cat?post=364"},{"taxonomy":"product_tag","embeddable":true,"href":"https:\/\/rancher.hr\/en\/wp-json\/wp\/v2\/product_tag?post=364"}],"curies":[{"name":"wp","href":"https:\/\/api.w.org\/{rel}","templated":true}]}}