{"id":350,"date":"2026-03-09T23:57:49","date_gmt":"2026-03-09T22:57:49","guid":{"rendered":"https:\/\/rancher.hr\/?post_type=product&#038;p=350"},"modified":"2026-03-10T23:00:37","modified_gmt":"2026-03-10T22:00:37","slug":"hvataljka-za-kontrolu-zivotinja-tip-ld","status":"publish","type":"product","link":"https:\/\/rancher.hr\/en\/product\/hvataljka-za-kontrolu-zivotinja-tip-ld\/","title":{"rendered":"Hvataljka za kontrolu \u017eivotinja \u2013 tip LD"},"content":{"rendered":"<p>Karakteristike:<br \/>\n\u2022 Dvostruki sustav otpu\u0161tanja (brzo otvaranje ili postupno otpu\u0161tanje om\u010de)<br \/>\n\u2022 Automatski mehanizam zaklju\u010davanja (\u017eivotinja ne mo\u017ee sama otvoriti om\u010du)<br \/>\n\u2022 Izuzetno stabilna, eloksirana aluminijska konstrukcija dugog vijeka trajanja<br \/>\n\u2022 Protuklizne ru\u010dke<br \/>\n\u2022 Rotiraju\u0107a za\u0161tita od ugriza za za\u0161titu zubi \u017eivotinje<br \/>\n\u2022 Posebno oja\u010dana i vinilom oblo\u017eena om\u010da radi sprje\u010davanja ozljeda<br \/>\n\u2022 Jednostavno i sigurno rukovanje<\/p>\n<p>Dostupne izvedbe:<\/p>\n<p>LD90<br \/>\n\u2022 Ukupna duljina: 90 cm<br \/>\n\u2022 Te\u017eina: 1,18 kg<br \/>\n\u2022 Maksimalni promjer otvora om\u010de: 26 cm<br \/>\n\u2022 Prikladno za rad u sku\u010denim prostorima ili vozilima<\/p>\n<p>LD130<br \/>\n\u2022 Ukupna duljina: 131 cm<br \/>\n\u2022 Te\u017eina: 1,32 kg<br \/>\n\u2022 Optimalan omjer poluge, sigurnosne udaljenosti i prenosivosti<\/p>\n<p>LD150<br \/>\n\u2022 Ukupna duljina: 161 cm<br \/>\n\u2022 Te\u017eina: 1,42 kg<br \/>\n\u2022 Omogu\u0107uje ve\u0107u sigurnosnu udaljenost tijekom rukovanja<\/p>\n<p>&nbsp;<\/p>","protected":false},"excerpt":{"rendered":"<p>Model LD namijenjen je brzom, sigurnom i kontroliranom hvatanju \u017eivotinja uz maksimalnu sigurnost za korisnika i \u017eivotinju. Konstrukcija omogu\u0107uje jednostavno rukovanje i prilagodbu razli\u010ditim situacijama na terenu.<\/p>\n<p>Ovisno o potrebi, korisnik mo\u017ee postupno otpustiti om\u010du, brzo je otvoriti ili je u potpunosti odvojiti \u2013 bez potrebe za pomicanjem ruku sa \u0161tapa. Sustav omogu\u0107uje potpunu kontrolu tijekom cijelog postupka.<\/p>","protected":false},"featured_media":520,"comment_status":"open","ping_status":"closed","template":"","meta":{"site-sidebar-layout":"default","site-content-layout":"","ast-site-content-layout":"default","site-content-style":"default","site-sidebar-style":"default","ast-global-header-display":"","ast-banner-title-visibility":"","ast-main-header-display":"","ast-hfb-above-header-display":"","ast-hfb-below-header-display":"","ast-hfb-mobile-header-display":"","site-post-title":"","ast-breadcrumbs-content":"","ast-featured-img":"","footer-sml-layout":"","ast-disable-related-posts":"","theme-transparent-header-meta":"default","adv-header-id-meta":"","stick-header-meta":"","header-above-stick-meta":"","header-main-stick-meta":"","header-below-stick-meta":"","astra-migrate-meta-layouts":"set","ast-page-background-enabled":"default","ast-page-background-meta":{"desktop":{"background-color":"var(--ast-global-color-5)","background-image":"","background-repeat":"repeat","background-position":"center center","background-size":"auto","background-attachment":"scroll","background-type":"","background-media":"","overlay-type":"","overlay-color":"","overlay-opacity":"","overlay-gradient":""},"tablet":{"background-color":"","background-image":"","background-repeat":"repeat","background-position":"center center","background-size":"auto","background-attachment":"scroll","background-type":"","background-media":"","overlay-type":"","overlay-color":"","overlay-opacity":"","overlay-gradient":""},"mobile":{"background-color":"","background-image":"","background-repeat":"repeat","background-position":"center center","background-size":"auto","background-attachment":"scroll","background-type":"","background-media":"","overlay-type":"","overlay-color":"","overlay-opacity":"","overlay-gradient":""}},"ast-content-background-meta":{"desktop":{"background-color":"var(--ast-global-color-4)","background-image":"","background-repeat":"repeat","background-position":"center center","background-size":"auto","background-attachment":"scroll","background-type":"","background-media":"","overlay-type":"","overlay-color":"","overlay-opacity":"","overlay-gradient":""},"tablet":{"background-color":"var(--ast-global-color-4)","background-image":"","background-repeat":"repeat","background-position":"center center","background-size":"auto","background-attachment":"scroll","background-type":"","background-media":"","overlay-type":"","overlay-color":"","overlay-opacity":"","overlay-gradient":""},"mobile":{"background-color":"var(--ast-global-color-4)","background-image":"","background-repeat":"repeat","background-position":"center center","background-size":"auto","background-attachment":"scroll","background-type":"","background-media":"","overlay-type":"","overlay-color":"","overlay-opacity":"","overlay-gradient":""}}},"product_brand":[],"product_cat":[32,30],"product_tag":[],"class_list":{"0":"post-350","1":"product","2":"type-product","3":"status-publish","4":"has-post-thumbnail","6":"product_cat-hvataljke","7":"product_cat-rukovanje-i-kontrola-zivotinja","8":"desktop-align-left","9":"tablet-align-left","10":"mobile-align-left","12":"first","13":"instock","14":"shipping-taxable","15":"purchasable","16":"product-type-variable"},"_links":{"self":[{"href":"https:\/\/rancher.hr\/en\/wp-json\/wp\/v2\/product\/350","targetHints":{"allow":["GET"]}}],"collection":[{"href":"https:\/\/rancher.hr\/en\/wp-json\/wp\/v2\/product"}],"about":[{"href":"https:\/\/rancher.hr\/en\/wp-json\/wp\/v2\/types\/product"}],"replies":[{"embeddable":true,"href":"https:\/\/rancher.hr\/en\/wp-json\/wp\/v2\/comments?post=350"}],"wp:featuredmedia":[{"embeddable":true,"href":"https:\/\/rancher.hr\/en\/wp-json\/wp\/v2\/media\/520"}],"wp:attachment":[{"href":"https:\/\/rancher.hr\/en\/wp-json\/wp\/v2\/media?parent=350"}],"wp:term":[{"taxonomy":"product_brand","embeddable":true,"href":"https:\/\/rancher.hr\/en\/wp-json\/wp\/v2\/product_brand?post=350"},{"taxonomy":"product_cat","embeddable":true,"href":"https:\/\/rancher.hr\/en\/wp-json\/wp\/v2\/product_cat?post=350"},{"taxonomy":"product_tag","embeddable":true,"href":"https:\/\/rancher.hr\/en\/wp-json\/wp\/v2\/product_tag?post=350"}],"curies":[{"name":"wp","href":"https:\/\/api.w.org\/{rel}","templated":true}]}}