{"id":223,"date":"2026-03-06T10:21:51","date_gmt":"2026-03-06T09:21:51","guid":{"rendered":"https:\/\/rancher.hr\/?post_type=product&#038;p=223"},"modified":"2026-03-06T10:28:03","modified_gmt":"2026-03-06T09:28:03","slug":"strelica-cal-13mm","status":"publish","type":"product","link":"https:\/\/rancher.hr\/en\/product\/strelica-cal-13mm\/","title":{"rendered":"Strelica cal. 13mm"},"content":{"rendered":"<p>Za TeleDart\u00ae \u0161price za strelice koristi se posebna mje\u0161avina plastike koja ih \u010dini iznimno robusnima i otpornima na klimatske uvjete. Svaka \u0161prica s iglom isporu\u010duje se s letnim stabilizatorom, \u010dime se osigurava stabilan let i visoka preciznost pogotka. TeleDart\u00ae strelice kompatibilne su s pu\u0161kama i pi\u0161toljima drugih proizvo\u0111a\u010da, \u0161to omogu\u0107uje \u0161iroku primjenu i veliku fleksibilnost u radu.<\/p>\n<p>Savr\u0161ena balistika i stabilan let<\/p>\n<p>Zahvaljuju\u0107i preciznom vo\u0111enju u cijevi izra\u0111enoj iz jednog komada, strelice ostvaruju odli\u010dnu aerodinamiku i vrhunske rezultate ga\u0111anja, \u010dak i na ve\u0107im udaljenostima.<\/p>\n<p>Dimenzionalna stabilnost i otpornost<\/p>\n<p>Materijal ne upija vlagu, ne iskrivljuje se i ne postaje krhak, zbog \u010dega strelice zadr\u017eavaju savr\u0161en oblik i funkcionalnost \u010dak i nakon dugotrajnog skladi\u0161tenja. Pouzdano se koriste i u zahtjevnim klimatskim uvjetima.<\/p>\n<p>Sigurnost i kontrola kvalitete<\/p>\n<p>U kombinaciji s originalnim TeleDart\u00ae iglama, strelice osiguravaju 100 % brtvljenje. Svaka pojedina\u010dna \u0161trcaljka prolazi strogu kontrolu kvalitete i funkcionalnosti, u skladu s najvi\u0161im sigurnosnim standardima.<\/p>\n<p>Ekonomi\u010dno i inovativno rje\u0161enje<\/p>\n<p>Uz pa\u017eljivo rukovanje, TeleDart\u00ae \u0161price za strelice mogu se koristiti vi\u0161ekratno, \u010dime se smanjuju tro\u0161kovi rada. TeleDart\u00ae strelice zapremine 5 cc, 7 cc i 10 cc za cijev promjera 11 mm omogu\u0107uju rad bez potrebe za zamjenom cijevi, \u0161to dodatno pojednostavljuje rukovanje i ubrzava rad na terenu. <a href=\"https:\/\/teledart.com\/teledart_2019\/wp-content\/uploads\/2025\/11\/Fuellanleitung-Spritzen-fill-instruction-syringes.pdf\">Upute za punjenje \u0161trcaljki<\/a><\/p>","protected":false},"excerpt":{"rendered":"<p>Strelice za udaljenu injekciju namijenjene su primjeni kod razli\u010ditih vrsta \u017eivotinja u kombinaciji s pu\u0161kama za sedaciju, pi\u0161toljima i puhaljkama. Tlak zraka u strelicama stvara se pomo\u0107u posebne \u0161trcaljke za punjenje zrakom, a po potrebi je mogu\u0107e koristiti i ru\u010dnu pumpu TP uz odgovaraju\u0107i spojni element.<\/p>","protected":false},"featured_media":169,"comment_status":"open","ping_status":"closed","template":"","meta":{"site-sidebar-layout":"default","site-content-layout":"","ast-site-content-layout":"default","site-content-style":"default","site-sidebar-style":"default","ast-global-header-display":"","ast-banner-title-visibility":"","ast-main-header-display":"","ast-hfb-above-header-display":"","ast-hfb-below-header-display":"","ast-hfb-mobile-header-display":"","site-post-title":"","ast-breadcrumbs-content":"","ast-featured-img":"","footer-sml-layout":"","ast-disable-related-posts":"","theme-transparent-header-meta":"default","adv-header-id-meta":"","stick-header-meta":"","header-above-stick-meta":"","header-main-stick-meta":"","header-below-stick-meta":"","astra-migrate-meta-layouts":"set","ast-page-background-enabled":"default","ast-page-background-meta":{"desktop":{"background-color":"var(--ast-global-color-5)","background-image":"","background-repeat":"repeat","background-position":"center center","background-size":"auto","background-attachment":"scroll","background-type":"","background-media":"","overlay-type":"","overlay-color":"","overlay-opacity":"","overlay-gradient":""},"tablet":{"background-color":"","background-image":"","background-repeat":"repeat","background-position":"center center","background-size":"auto","background-attachment":"scroll","background-type":"","background-media":"","overlay-type":"","overlay-color":"","overlay-opacity":"","overlay-gradient":""},"mobile":{"background-color":"","background-image":"","background-repeat":"repeat","background-position":"center center","background-size":"auto","background-attachment":"scroll","background-type":"","background-media":"","overlay-type":"","overlay-color":"","overlay-opacity":"","overlay-gradient":""}},"ast-content-background-meta":{"desktop":{"background-color":"var(--ast-global-color-4)","background-image":"","background-repeat":"repeat","background-position":"center center","background-size":"auto","background-attachment":"scroll","background-type":"","background-media":"","overlay-type":"","overlay-color":"","overlay-opacity":"","overlay-gradient":""},"tablet":{"background-color":"var(--ast-global-color-4)","background-image":"","background-repeat":"repeat","background-position":"center center","background-size":"auto","background-attachment":"scroll","background-type":"","background-media":"","overlay-type":"","overlay-color":"","overlay-opacity":"","overlay-gradient":""},"mobile":{"background-color":"var(--ast-global-color-4)","background-image":"","background-repeat":"repeat","background-position":"center center","background-size":"auto","background-attachment":"scroll","background-type":"","background-media":"","overlay-type":"","overlay-color":"","overlay-opacity":"","overlay-gradient":""}}},"product_brand":[],"product_cat":[20,26],"product_tag":[],"class_list":{"0":"post-223","1":"product","2":"type-product","3":"status-publish","4":"has-post-thumbnail","6":"product_cat-oprema-za-sedaciju","7":"product_cat-strelice-i-igle","8":"desktop-align-left","9":"tablet-align-left","10":"mobile-align-left","12":"first","13":"instock","14":"shipping-taxable","15":"purchasable","16":"product-type-variable"},"_links":{"self":[{"href":"https:\/\/rancher.hr\/en\/wp-json\/wp\/v2\/product\/223","targetHints":{"allow":["GET"]}}],"collection":[{"href":"https:\/\/rancher.hr\/en\/wp-json\/wp\/v2\/product"}],"about":[{"href":"https:\/\/rancher.hr\/en\/wp-json\/wp\/v2\/types\/product"}],"replies":[{"embeddable":true,"href":"https:\/\/rancher.hr\/en\/wp-json\/wp\/v2\/comments?post=223"}],"wp:featuredmedia":[{"embeddable":true,"href":"https:\/\/rancher.hr\/en\/wp-json\/wp\/v2\/media\/169"}],"wp:attachment":[{"href":"https:\/\/rancher.hr\/en\/wp-json\/wp\/v2\/media?parent=223"}],"wp:term":[{"taxonomy":"product_brand","embeddable":true,"href":"https:\/\/rancher.hr\/en\/wp-json\/wp\/v2\/product_brand?post=223"},{"taxonomy":"product_cat","embeddable":true,"href":"https:\/\/rancher.hr\/en\/wp-json\/wp\/v2\/product_cat?post=223"},{"taxonomy":"product_tag","embeddable":true,"href":"https:\/\/rancher.hr\/en\/wp-json\/wp\/v2\/product_tag?post=223"}],"curies":[{"name":"wp","href":"https:\/\/api.w.org\/{rel}","templated":true}]}}