{"id":126,"date":"2026-03-05T11:39:13","date_gmt":"2026-03-05T10:39:13","guid":{"rendered":"https:\/\/rancher.hr\/?post_type=product&#038;p=126"},"modified":"2026-03-05T11:39:13","modified_gmt":"2026-03-05T10:39:13","slug":"puska-za-uspavljivanje-rd406","status":"publish","type":"product","link":"https:\/\/rancher.hr\/en\/product\/puska-za-uspavljivanje-rd406\/","title":{"rendered":"Pu\u0161ka za uspavljivanje RD406"},"content":{"rendered":"<p>Sadr\u017eaj paketa RD406<br \/>\n\u2022 Pu\u0161ka za uspavljivanje RD406 s cijevi (11 mm ili 13 mm)<br \/>\n\u2022 Set za \u010di\u0161\u0107enje cijevi<br \/>\n\u2022 Torbica za no\u0161enje<br \/>\n\u2022 3 \u00d7 CO\u2082 patrone (16 g)<br \/>\n\u2022 Mast za odr\u017eavanje<\/p>\n<p><a href=\"https:\/\/rancher.hr\/wp-content\/uploads\/2026\/03\/Puska-za-uspavljivanje-RD406.pdf\"><strong>Upute za kori\u0161tenje \u2013 HRV<\/strong><\/a><\/p>\n<p><a href=\"https:\/\/teledart.com\/teledart_2019\/wp-content\/uploads\/2022\/01\/Instruction-manual-and-guarantee-RD406-1.pdf\"><strong>User Manual RD406 \u2013 ENG<\/strong><\/a><\/p>\n<p>&nbsp;<\/p>","protected":false},"excerpt":{"rendered":"<p>Pu\u0161ka za uspavljivanje RD406 po funkciji i na\u010dinu rada gotovo je identi\u010dna modelu RD706, \u0161to je \u010dini iznimno pouzdanim alatom za profesionalnu sedaciju i udaljenu aplikaciju lijekova kod \u017eivotinja. Efektivna je na udaljenostima do 40 metara, uz visoku preciznost i potpunu kontrolu ja\u010dine udarca.<\/p>\n<p>Zahvaljuju\u0107i sustavu izmjenjivih cijevi, kao i kod RD706, RD406 omogu\u0107uje kori\u0161tenje igala svih veli\u010dina za strelicu, \u010dime se zna\u010dajno pro\u0161iruje podru\u010dje primjene i prilagodba razli\u010ditim vrstama \u017eivotinja i terenskim uvjetima.<\/p>","protected":false},"featured_media":119,"comment_status":"open","ping_status":"closed","template":"","meta":{"site-sidebar-layout":"default","site-content-layout":"","ast-site-content-layout":"default","site-content-style":"default","site-sidebar-style":"default","ast-global-header-display":"","ast-banner-title-visibility":"","ast-main-header-display":"","ast-hfb-above-header-display":"","ast-hfb-below-header-display":"","ast-hfb-mobile-header-display":"","site-post-title":"","ast-breadcrumbs-content":"","ast-featured-img":"","footer-sml-layout":"","ast-disable-related-posts":"","theme-transparent-header-meta":"default","adv-header-id-meta":"","stick-header-meta":"","header-above-stick-meta":"","header-main-stick-meta":"","header-below-stick-meta":"","astra-migrate-meta-layouts":"set","ast-page-background-enabled":"default","ast-page-background-meta":{"desktop":{"background-color":"var(--ast-global-color-5)","background-image":"","background-repeat":"repeat","background-position":"center center","background-size":"auto","background-attachment":"scroll","background-type":"","background-media":"","overlay-type":"","overlay-color":"","overlay-opacity":"","overlay-gradient":""},"tablet":{"background-color":"","background-image":"","background-repeat":"repeat","background-position":"center center","background-size":"auto","background-attachment":"scroll","background-type":"","background-media":"","overlay-type":"","overlay-color":"","overlay-opacity":"","overlay-gradient":""},"mobile":{"background-color":"","background-image":"","background-repeat":"repeat","background-position":"center center","background-size":"auto","background-attachment":"scroll","background-type":"","background-media":"","overlay-type":"","overlay-color":"","overlay-opacity":"","overlay-gradient":""}},"ast-content-background-meta":{"desktop":{"background-color":"var(--ast-global-color-4)","background-image":"","background-repeat":"repeat","background-position":"center center","background-size":"auto","background-attachment":"scroll","background-type":"","background-media":"","overlay-type":"","overlay-color":"","overlay-opacity":"","overlay-gradient":""},"tablet":{"background-color":"var(--ast-global-color-4)","background-image":"","background-repeat":"repeat","background-position":"center center","background-size":"auto","background-attachment":"scroll","background-type":"","background-media":"","overlay-type":"","overlay-color":"","overlay-opacity":"","overlay-gradient":""},"mobile":{"background-color":"var(--ast-global-color-4)","background-image":"","background-repeat":"repeat","background-position":"center center","background-size":"auto","background-attachment":"scroll","background-type":"","background-media":"","overlay-type":"","overlay-color":"","overlay-opacity":"","overlay-gradient":""}}},"product_brand":[],"product_cat":[20,24],"product_tag":[],"class_list":{"0":"post-126","1":"product","2":"type-product","3":"status-publish","4":"has-post-thumbnail","6":"product_cat-oprema-za-sedaciju","7":"product_cat-puske-za-uspavljivanje","8":"desktop-align-left","9":"tablet-align-left","10":"mobile-align-left","12":"first","13":"instock","14":"shipping-taxable","15":"purchasable","16":"product-type-simple"},"_links":{"self":[{"href":"https:\/\/rancher.hr\/en\/wp-json\/wp\/v2\/product\/126","targetHints":{"allow":["GET"]}}],"collection":[{"href":"https:\/\/rancher.hr\/en\/wp-json\/wp\/v2\/product"}],"about":[{"href":"https:\/\/rancher.hr\/en\/wp-json\/wp\/v2\/types\/product"}],"replies":[{"embeddable":true,"href":"https:\/\/rancher.hr\/en\/wp-json\/wp\/v2\/comments?post=126"}],"wp:featuredmedia":[{"embeddable":true,"href":"https:\/\/rancher.hr\/en\/wp-json\/wp\/v2\/media\/119"}],"wp:attachment":[{"href":"https:\/\/rancher.hr\/en\/wp-json\/wp\/v2\/media?parent=126"}],"wp:term":[{"taxonomy":"product_brand","embeddable":true,"href":"https:\/\/rancher.hr\/en\/wp-json\/wp\/v2\/product_brand?post=126"},{"taxonomy":"product_cat","embeddable":true,"href":"https:\/\/rancher.hr\/en\/wp-json\/wp\/v2\/product_cat?post=126"},{"taxonomy":"product_tag","embeddable":true,"href":"https:\/\/rancher.hr\/en\/wp-json\/wp\/v2\/product_tag?post=126"}],"curies":[{"name":"wp","href":"https:\/\/api.w.org\/{rel}","templated":true}]}}