{"id":125,"date":"2026-03-05T11:33:37","date_gmt":"2026-03-05T10:33:37","guid":{"rendered":"https:\/\/rancher.hr\/?post_type=product&#038;p=125"},"modified":"2026-03-05T11:33:37","modified_gmt":"2026-03-05T10:33:37","slug":"puska-za-uspavljivanje-rd206","status":"publish","type":"product","link":"https:\/\/rancher.hr\/en\/product\/puska-za-uspavljivanje-rd206\/","title":{"rendered":"Pu\u0161ka za uspavljivanje RD206"},"content":{"rendered":"<p><strong>Sadr\u017eaj paketa RD206<\/strong><br \/>\n\u2022 Pu\u0161ka za uspavljivanje RD206 (cijev 11 mm ili 13 mm)<br \/>\n\u2022 Set za \u010di\u0161\u0107enje cijevi<br \/>\n\u2022 Transportna torba<br \/>\n\u2022 3 \u00d7 CO\u2082 patrona (16 g)<br \/>\n\u2022 Osigura\u010d za pozicioniranje<br \/>\n\u2022 Tuba masti<\/p>\n<p><a href=\"https:\/\/rancher.hr\/wp-content\/uploads\/2026\/03\/Puska-za-uspavljivanje-RD206.pdf\"><strong>Upute za kori\u0161tenje \u2013 HRV<\/strong><\/a><\/p>\n<p><a href=\"https:\/\/teledart.com\/teledart_2019\/wp-content\/uploads\/2020\/01\/Instruction-manual-and-guarantee-RD206-1.pdf\"><strong>User Manual RD206 \u2013 ENG<\/strong><\/a><\/p>\n<p><a href=\"https:\/\/teledart.com\/teledart_2019\/wp-content\/uploads\/2020\/01\/Instruction-manual-and-guarantee-RD206D-1.pdf\"><strong>User Manual RD206D \u2013 ENG<\/strong><\/a><\/p>","protected":false},"excerpt":{"rendered":"<p>Pu\u0161ka za uspavljivanje RD206 odu\u0161evljava vrhunskom precizno\u0161\u0107u, tihim radom i iznimno prakti\u010dnim dizajnom. Unato\u010d maloj te\u017eini, izra\u0111ena je iz masivnog aluminijskog ku\u0107i\u0161ta, \u0161to joj daje izuzetnu \u010dvrsto\u0107u i dugotrajnost. RD206 predstavlja cjenovno pristupa\u010dno, ali profesionalno rje\u0161enje za veterinarsku praksu, zoolo\u0161ke vrtove, parkove divljih \u017eivotinja, spasila\u010dke slu\u017ebe i rad na farmama.<\/p>","protected":false},"featured_media":120,"comment_status":"open","ping_status":"closed","template":"","meta":{"site-sidebar-layout":"default","site-content-layout":"","ast-site-content-layout":"default","site-content-style":"default","site-sidebar-style":"default","ast-global-header-display":"","ast-banner-title-visibility":"","ast-main-header-display":"","ast-hfb-above-header-display":"","ast-hfb-below-header-display":"","ast-hfb-mobile-header-display":"","site-post-title":"","ast-breadcrumbs-content":"","ast-featured-img":"","footer-sml-layout":"","ast-disable-related-posts":"","theme-transparent-header-meta":"default","adv-header-id-meta":"","stick-header-meta":"","header-above-stick-meta":"","header-main-stick-meta":"","header-below-stick-meta":"","astra-migrate-meta-layouts":"set","ast-page-background-enabled":"default","ast-page-background-meta":{"desktop":{"background-color":"var(--ast-global-color-5)","background-image":"","background-repeat":"repeat","background-position":"center center","background-size":"auto","background-attachment":"scroll","background-type":"","background-media":"","overlay-type":"","overlay-color":"","overlay-opacity":"","overlay-gradient":""},"tablet":{"background-color":"","background-image":"","background-repeat":"repeat","background-position":"center center","background-size":"auto","background-attachment":"scroll","background-type":"","background-media":"","overlay-type":"","overlay-color":"","overlay-opacity":"","overlay-gradient":""},"mobile":{"background-color":"","background-image":"","background-repeat":"repeat","background-position":"center center","background-size":"auto","background-attachment":"scroll","background-type":"","background-media":"","overlay-type":"","overlay-color":"","overlay-opacity":"","overlay-gradient":""}},"ast-content-background-meta":{"desktop":{"background-color":"var(--ast-global-color-4)","background-image":"","background-repeat":"repeat","background-position":"center center","background-size":"auto","background-attachment":"scroll","background-type":"","background-media":"","overlay-type":"","overlay-color":"","overlay-opacity":"","overlay-gradient":""},"tablet":{"background-color":"var(--ast-global-color-4)","background-image":"","background-repeat":"repeat","background-position":"center center","background-size":"auto","background-attachment":"scroll","background-type":"","background-media":"","overlay-type":"","overlay-color":"","overlay-opacity":"","overlay-gradient":""},"mobile":{"background-color":"var(--ast-global-color-4)","background-image":"","background-repeat":"repeat","background-position":"center center","background-size":"auto","background-attachment":"scroll","background-type":"","background-media":"","overlay-type":"","overlay-color":"","overlay-opacity":"","overlay-gradient":""}}},"product_brand":[],"product_cat":[20,24],"product_tag":[],"class_list":{"0":"post-125","1":"product","2":"type-product","3":"status-publish","4":"has-post-thumbnail","6":"product_cat-oprema-za-sedaciju","7":"product_cat-puske-za-uspavljivanje","8":"desktop-align-left","9":"tablet-align-left","10":"mobile-align-left","12":"first","13":"instock","14":"shipping-taxable","15":"purchasable","16":"product-type-simple"},"_links":{"self":[{"href":"https:\/\/rancher.hr\/en\/wp-json\/wp\/v2\/product\/125","targetHints":{"allow":["GET"]}}],"collection":[{"href":"https:\/\/rancher.hr\/en\/wp-json\/wp\/v2\/product"}],"about":[{"href":"https:\/\/rancher.hr\/en\/wp-json\/wp\/v2\/types\/product"}],"replies":[{"embeddable":true,"href":"https:\/\/rancher.hr\/en\/wp-json\/wp\/v2\/comments?post=125"}],"wp:featuredmedia":[{"embeddable":true,"href":"https:\/\/rancher.hr\/en\/wp-json\/wp\/v2\/media\/120"}],"wp:attachment":[{"href":"https:\/\/rancher.hr\/en\/wp-json\/wp\/v2\/media?parent=125"}],"wp:term":[{"taxonomy":"product_brand","embeddable":true,"href":"https:\/\/rancher.hr\/en\/wp-json\/wp\/v2\/product_brand?post=125"},{"taxonomy":"product_cat","embeddable":true,"href":"https:\/\/rancher.hr\/en\/wp-json\/wp\/v2\/product_cat?post=125"},{"taxonomy":"product_tag","embeddable":true,"href":"https:\/\/rancher.hr\/en\/wp-json\/wp\/v2\/product_tag?post=125"}],"curies":[{"name":"wp","href":"https:\/\/api.w.org\/{rel}","templated":true}]}}