{"id":118,"date":"2026-03-05T11:07:08","date_gmt":"2026-03-05T10:07:08","guid":{"rendered":"https:\/\/rancher.hr\/?post_type=product&#038;p=118"},"modified":"2026-03-05T11:47:17","modified_gmt":"2026-03-05T10:47:17","slug":"puska-za-uspavljivanje-rd106-2","status":"publish","type":"product","link":"https:\/\/rancher.hr\/en\/product\/puska-za-uspavljivanje-rd106-2\/","title":{"rendered":"Pu\u0161ka za uspavljivanje RD106"},"content":{"rendered":"<p><strong>Sadr\u017eaj paketa RD106:<\/strong><br \/>\npu\u0161ka RD106 i RD106D\/ RD106F:<br \/>\ncijev 11 mm ili 13 mm \/ samo 11 mm<br \/>\n1 x set za \u010di\u0161\u0107enje cijevi<br \/>\n1 x transportna torba<br \/>\n3 x CO2-kapsule 16 g<br \/>\n1 x pozicioniraju\u0107i \u010dep<br \/>\n1 x tuba masti<\/p>\n<p><a href=\"https:\/\/rancher.hr\/wp-content\/uploads\/2026\/03\/PUSKA-ZA-USPAVLJIVANJE-RD106.pdf\"><strong>Upute za kori\u0161tenje \u2013 HRV<\/strong><\/a><\/p>\n<p><a href=\"https:\/\/teledart.com\/teledart_2019\/wp-content\/uploads\/2022\/02\/Instruction-manual-and-guarantee-RD106-1.pdf\"><strong>User Manual RD106 \u2013 ENG<\/strong><\/a><\/p>\n<p><a href=\"https:\/\/teledart.com\/teledart_2019\/wp-content\/uploads\/2022\/02\/Instruction-manual-and-guarantee-RD106D-1.pdf\"><strong>User Manual RD106D \u2013 ENG<\/strong><\/a><\/p>\n<p>&nbsp;<\/p>","protected":false},"excerpt":{"rendered":"<p><span style=\"font-weight: 400;\">Pu\u0161ka za uspavljivanje RD106 pru\u017ea pouzdan domet do 25 metara i namijenjena je sigurnoj i u\u010dinkovitoj sedaciji \u017eivotinja u razli\u010ditim radnim uvjetima. Opremljena je prednjim i stra\u017enjim ni\u0161anom za brzo i precizno ciljanje, \u0161to je \u010dini idealnim alatom za profesionalnu upotrebu.<\/span><span style=\"font-weight: 400;\"><br \/>\n<\/span><\/p>\n<p><span style=\"font-weight: 400;\">Sustav s CO<\/span><span style=\"font-weight: 400;\">\u2082<\/span><span style=\"font-weight: 400;\"> ventilom omogu\u0107uje brzo odspajanje u svega nekoliko sekundi, dok se po potrebi CO<\/span><span style=\"font-weight: 400;\">\u2082<\/span><span style=\"font-weight: 400;\"> mo\u017ee jednostavno zamijeniti zra\u010dnom pumpom zahvaljuju\u0107i sustavu za brzo otpu\u0161tanje. Pu\u0161ka se lako skladi\u0161ti i transportira u prilo\u017eenoj torbi za no\u0161enje, \u0161to je \u010dini iznimno prakti\u010dnom za rad na terenu.<\/span><\/p>","protected":false},"featured_media":121,"comment_status":"open","ping_status":"closed","template":"","meta":{"site-sidebar-layout":"default","site-content-layout":"","ast-site-content-layout":"default","site-content-style":"default","site-sidebar-style":"default","ast-global-header-display":"","ast-banner-title-visibility":"","ast-main-header-display":"","ast-hfb-above-header-display":"","ast-hfb-below-header-display":"","ast-hfb-mobile-header-display":"","site-post-title":"","ast-breadcrumbs-content":"","ast-featured-img":"","footer-sml-layout":"","ast-disable-related-posts":"","theme-transparent-header-meta":"default","adv-header-id-meta":"","stick-header-meta":"","header-above-stick-meta":"","header-main-stick-meta":"","header-below-stick-meta":"","astra-migrate-meta-layouts":"set","ast-page-background-enabled":"default","ast-page-background-meta":{"desktop":{"background-color":"var(--ast-global-color-5)","background-image":"","background-repeat":"repeat","background-position":"center center","background-size":"auto","background-attachment":"scroll","background-type":"","background-media":"","overlay-type":"","overlay-color":"","overlay-opacity":"","overlay-gradient":""},"tablet":{"background-color":"","background-image":"","background-repeat":"repeat","background-position":"center center","background-size":"auto","background-attachment":"scroll","background-type":"","background-media":"","overlay-type":"","overlay-color":"","overlay-opacity":"","overlay-gradient":""},"mobile":{"background-color":"","background-image":"","background-repeat":"repeat","background-position":"center center","background-size":"auto","background-attachment":"scroll","background-type":"","background-media":"","overlay-type":"","overlay-color":"","overlay-opacity":"","overlay-gradient":""}},"ast-content-background-meta":{"desktop":{"background-color":"var(--ast-global-color-4)","background-image":"","background-repeat":"repeat","background-position":"center center","background-size":"auto","background-attachment":"scroll","background-type":"","background-media":"","overlay-type":"","overlay-color":"","overlay-opacity":"","overlay-gradient":""},"tablet":{"background-color":"var(--ast-global-color-4)","background-image":"","background-repeat":"repeat","background-position":"center center","background-size":"auto","background-attachment":"scroll","background-type":"","background-media":"","overlay-type":"","overlay-color":"","overlay-opacity":"","overlay-gradient":""},"mobile":{"background-color":"var(--ast-global-color-4)","background-image":"","background-repeat":"repeat","background-position":"center center","background-size":"auto","background-attachment":"scroll","background-type":"","background-media":"","overlay-type":"","overlay-color":"","overlay-opacity":"","overlay-gradient":""}}},"product_brand":[],"product_cat":[20,24],"product_tag":[],"class_list":{"0":"post-118","1":"product","2":"type-product","3":"status-publish","4":"has-post-thumbnail","6":"product_cat-oprema-za-sedaciju","7":"product_cat-puske-za-uspavljivanje","8":"desktop-align-left","9":"tablet-align-left","10":"mobile-align-left","12":"first","13":"instock","14":"shipping-taxable","15":"purchasable","16":"product-type-simple"},"_links":{"self":[{"href":"https:\/\/rancher.hr\/en\/wp-json\/wp\/v2\/product\/118","targetHints":{"allow":["GET"]}}],"collection":[{"href":"https:\/\/rancher.hr\/en\/wp-json\/wp\/v2\/product"}],"about":[{"href":"https:\/\/rancher.hr\/en\/wp-json\/wp\/v2\/types\/product"}],"replies":[{"embeddable":true,"href":"https:\/\/rancher.hr\/en\/wp-json\/wp\/v2\/comments?post=118"}],"wp:featuredmedia":[{"embeddable":true,"href":"https:\/\/rancher.hr\/en\/wp-json\/wp\/v2\/media\/121"}],"wp:attachment":[{"href":"https:\/\/rancher.hr\/en\/wp-json\/wp\/v2\/media?parent=118"}],"wp:term":[{"taxonomy":"product_brand","embeddable":true,"href":"https:\/\/rancher.hr\/en\/wp-json\/wp\/v2\/product_brand?post=118"},{"taxonomy":"product_cat","embeddable":true,"href":"https:\/\/rancher.hr\/en\/wp-json\/wp\/v2\/product_cat?post=118"},{"taxonomy":"product_tag","embeddable":true,"href":"https:\/\/rancher.hr\/en\/wp-json\/wp\/v2\/product_tag?post=118"}],"curies":[{"name":"wp","href":"https:\/\/api.w.org\/{rel}","templated":true}]}}